{"id":32625,"date":"2015-10-16T11:13:32","date_gmt":"2015-10-16T10:13:32","guid":{"rendered":"https:\/\/ventesengros.fr\/grossiste\/feuille-de-laurier\/"},"modified":"2025-02-08T13:34:35","modified_gmt":"2025-02-08T12:34:35","slug":"feuille-de-laurier","status":"publish","type":"product","link":"https:\/\/ventesengros.fr\/de\/grossiste\/lorbeerblatt\/","title":{"rendered":"Lorbeerblatt pro kg"},"content":{"rendered":"<p><strong>Lorbeerbl\u00e4tter<\/strong>\u00a0sind wertvoll<strong>\u00a0Kr\u00e4uter\u00a0<\/strong>die seit Jahrhunderten verwendet werden. Sie verleihen gekochten Speisen Geschmack und Aroma. Wenn Sie auf der Suche nach einem\u00a0<strong>Gro\u00dfh\u00e4ndler f\u00fcr Lorbeerbl\u00e4tter\u00a0<\/strong>Wenn Sie auf der Suche nach hochwertigen Produkten sind, sind Sie bei Orient Grossiste genau richtig.<\/p>\n<h2><strong>Gro\u00dfh\u00e4ndler f\u00fcr Lorbeerbl\u00e4tter: Geschmack, Qualit\u00e4t und g\u00fcnstige Preise<\/strong><\/h2>\n<p>Bei Orient Grossiste finden Sie\u00a0<strong>Loser Lorbeer.<\/strong>\u00a0Das ist daher ideal f\u00fcr Restaurants, Caterer oder alle, die gerne mit dieser\u00a0<strong>duftendes Gras<\/strong>.<\/p>\n<p>Diese Kr\u00e4uter sind erh\u00e4ltlich bei\u00a0<strong>Gro\u00dfhandelskauf pro Kilogramm<\/strong>. So k\u00f6nnen Sie das Produkt ausw\u00e4hlen, das Ihren Bed\u00fcrfnissen am besten entspricht. Ob Sie nun eine kleine Menge oder mehrere Kilogramm Lorbeerbl\u00e4tter ben\u00f6tigen, Ihr\u00a0<strong>Online-Gro\u00dfh\u00e4ndler<\/strong>\u00a0kann Ihren Anforderungen gerecht werden.<\/p>\n<h2><strong>Gro\u00dfh\u00e4ndler f\u00fcr Lorbeerbl\u00e4tter: Welche Eigenschaften haben sie?\u00a0<\/strong><\/h2>\n<p>Neben ihrer Verwendung in der K\u00fcche hat dieses nat\u00fcrliche Produkt in Gro\u00dfpackungen auch gesundheitsf\u00f6rdernde Eigenschaften. Tats\u00e4chlich sind sie f\u00fcr ihre antioxidativen und entz\u00fcndungshemmenden Wirkungen bekannt. Diese k\u00f6nnen zur allgemeinen Gesundheit beitragen.<\/p>\n<p>Dar\u00fcber hinaus sind sie bekannt f\u00fcr ihre verdauungsf\u00f6rdernde Wirkung und ihre Linderung von Magenbeschwerden. Dank ihrer wohltuenden organischen Verbindungen wie Rutin und Kaffees\u00e4ure k\u00f6nnen sie auch zur Herzgesundheit beitragen.<\/p>\n<p>Dar\u00fcber hinaus k\u00f6nnen Lorbeerbl\u00e4tter helfen, den Blutzuckerspiegel zu regulieren und den Cholesterinspiegel zu senken.<\/p>\n<p>Es wird jedoch empfohlen, vor der Verwendung dieses Produkts zu medizinischen Zwecken einen Arzt zu konsultieren.<\/p>\n<h3><strong>Ein wettbewerbsf\u00e4higer Preis\u00a0<\/strong><\/h3>\n<p>Bei Gro\u00dfh\u00e4ndler Lorbeerblatt profitieren Sie von wettbewerbsf\u00e4higen Preisen. Die Preise sind erschwinglich und Sie k\u00f6nnen in gro\u00dfen Mengen einkaufen, um noch mehr zu sparen. Sie k\u00f6nnen sicher sein, dass Sie diese\u00a0<strong>aromatisches Kraut im Gro\u00dfhandel\u00a0<\/strong>von h\u00f6chster Qualit\u00e4t, frisch gepfl\u00fcckt und sorgf\u00e4ltig verpackt.<\/p>\n<p>Vergessen Sie nicht, sich auch die anderen Produkte in unserem Gro\u00dfhandelsgesch\u00e4ft Orient anzusehen. Zum Beispiel die\u00a0<strong><a href=\"https:\/\/ventesengros.fr\/de\/grossiste\/getrocknete-bio-eisenkrautblatter\/\">getrocknete Eisenkraut<\/a>,<\/strong>\u00a0die\u00a0<a href=\"https:\/\/ventesengros.fr\/de\/grossiste\/bockshornklee-pulver-5-kg-lose\/\"><strong>Bockshornkleepulver<\/strong><\/a>, oder auch die\u00a0<strong><a href=\"https:\/\/ventesengros.fr\/de\/grossiste\/grune-tonerde-5-kg-lose\/\">gr\u00fcnes Tonpulver<\/a>.\u00a0<\/strong><\/p>","protected":false},"excerpt":{"rendered":"<p>Wir bieten Ihnen <strong>Lorbeerbl\u00e4tter<\/strong>\u00a0<strong>\u00a0<\/strong>Verkaufseinheit: 1 kg.<\/p>\n<p>&nbsp;<\/p>\n<p>1 Los:\u00a0<span style=\"color: #0ad227;\">9,90 \u20ac \/ St\u00fcck<\/span><\/p>","protected":false},"featured_media":32629,"template":"","meta":[],"product_brand":[],"product_cat":[360,59],"product_tag":[258,1003,974,1002,688],"class_list":{"0":"post-32625","1":"product","2":"type-product","3":"status-publish","4":"has-post-thumbnail","6":"product_cat-produit-naturel-en-vrac","7":"product_cat-soin-et-bien-etre","8":"product_tag-en-gros","9":"product_tag-feuille","10":"product_tag-grossiste","11":"product_tag-laurier","12":"product_tag-maroc","13":"pa_lot-158","14":"pa_lot-160","15":"pa_lot-159","17":"first","18":"instock","19":"shipping-taxable","20":"purchasable","21":"product-type-simple"},"_links":{"self":[{"href":"https:\/\/ventesengros.fr\/de\/wp-json\/wp\/v2\/product\/32625","targetHints":{"allow":["GET"]}}],"collection":[{"href":"https:\/\/ventesengros.fr\/de\/wp-json\/wp\/v2\/product"}],"about":[{"href":"https:\/\/ventesengros.fr\/de\/wp-json\/wp\/v2\/types\/product"}],"wp:featuredmedia":[{"embeddable":true,"href":"https:\/\/ventesengros.fr\/de\/wp-json\/wp\/v2\/media\/32629"}],"wp:attachment":[{"href":"https:\/\/ventesengros.fr\/de\/wp-json\/wp\/v2\/media?parent=32625"}],"wp:term":[{"taxonomy":"product_brand","embeddable":true,"href":"https:\/\/ventesengros.fr\/de\/wp-json\/wp\/v2\/product_brand?post=32625"},{"taxonomy":"product_cat","embeddable":true,"href":"https:\/\/ventesengros.fr\/de\/wp-json\/wp\/v2\/product_cat?post=32625"},{"taxonomy":"product_tag","embeddable":true,"href":"https:\/\/ventesengros.fr\/de\/wp-json\/wp\/v2\/product_tag?post=32625"}],"curies":[{"name":"wp","href":"https:\/\/api.w.org\/{rel}","templated":true}]}}