{"id":32587,"date":"2014-10-13T11:25:09","date_gmt":"2014-10-13T10:25:09","guid":{"rendered":"https:\/\/ventesengros.fr\/?post_type=product&#038;p=32587"},"modified":"2022-06-30T23:26:20","modified_gmt":"2022-06-30T22:26:20","slug":"miel-ginseng-hemani","status":"publish","type":"product","link":"https:\/\/ventesengros.fr\/de\/grossiste\/ginseng-honig-von-hemani\/","title":{"rendered":"Honig mit Ginseng HEMANI X 6"},"content":{"rendered":"<p>Es gibt alle Arten von Honig mit spezifischen Eigenschaften, je nach Herkunft des Honigs, aber es gibt auch Zubereitungen, bei denen Honig mit einer anderen Pflanze kombiniert wird, um noch mehr Vorteile zu erzielen.<\/p>\n<h2>Honig mit Ginseng \u2013 eine k\u00f6stliche Mischung:<\/h2>\n<p>Dies ist der Fall bei <b>Ginseng-Honig, <\/b>Eine Kombination aus Bl\u00fctenhonig und Ginseng f\u00fcr einen Cocktail voller gesundheitlicher Vorteile.<\/p>\n<p>Der <b>Ginseng<\/b> ist eine langsam wachsende, mehrj\u00e4hrige Waldpflanze, die aus China, Korea und den fern\u00f6stlichen Regionen stammt.<\/p>\n<p>Mit Honig gemischt hat diese Zubereitung zahlreiche positive Wirkungen: Sie st\u00e4rkt das Immunsystem, wirkt gegen Typ-2-Diabetes, belebt den Organismus geschw\u00e4chter und\/oder m\u00fcder Menschen und stellt die k\u00f6rperliche und geistige Leistungsf\u00e4higkeit wieder her, indem sie die Konzentration f\u00f6rdert. Ginseng-Honig wird auch Frauen in den Wechseljahren empfohlen, da er die Gesundheit \u00e4lterer Menschen erh\u00e4lt.<\/p>\n<p>Dieser Honig kann als \u00abWohlf\u00fchlhonig\u00bb bezeichnet werden, da er zu jeder Jahreszeit genossen werden kann. Bei M\u00fcdigkeit und Stress empfiehlt es sich beispielsweise, jeden Morgen vor dem Fr\u00fchst\u00fcck einen L\u00f6ffel Ginsenghonig einzunehmen, um von seiner Wirksamkeit zu profitieren.<\/p>\n<p>Ihr <b>Online-Gro\u00dfh\u00e4ndler<\/b> Orient Grossiste bietet Ihnen zum Verkauf an <b>im Gro\u00dfen und Ganzen<\/b> der <b>Ginsenghonig<\/b> in einem 250-Gramm-Glas <b>Marokko<\/b> der Marke HEMANI. Diese Marke ist bekannt f\u00fcr ihr ausgezeichnetes Preis-Leistungs-Verh\u00e4ltnis und die nat\u00fcrliche Zusammensetzung ihrer Produkte, sodass die Qualit\u00e4t dieses Honigs garantiert ist.<\/p>\n<p>Ginseng-Honig wird im 6er-Pack zum Preis von 40,74 \u20ac verkauft, was einem St\u00fcckpreis von 6,79 \u20ac entspricht. Ab einem Kauf von 2 oder mehr Packungen sinkt der St\u00fcckpreis.<\/p>\n<p>Bei einem Einkaufswert ab 10 kg profitieren Sie von einer kostenlosen und schnellen Lieferung an eine Abholstelle. F\u00fcr weitere Informationen zu diesem Produkt stehen wir Ihnen gerne zur Verf\u00fcgung.<\/p>\n<h5><\/h5>\n<h5><\/h5>\n<h5><b>Marke:<\/b>Hemani<\/h5>\n<p><b>Gewicht:<\/b>280 g\/St\u00fcck<\/p>","protected":false},"excerpt":{"rendered":"<p>Wir bieten Ihnen diese\u00a0<strong>\u00a0Honig mit Ginseng HEMANI<\/strong>\u00a0Verkaufspreis 4,79 \u20ac pro St\u00fcck.<\/p>\n<p>1 Los: <span style=\"color: #0ad227;\">6,79 \u20ac \/ St\u00fcck x 6 = 40,74 \u20ac<\/span><\/p>","protected":false},"featured_media":32603,"template":"","meta":[],"product_brand":[],"product_cat":[206,596,59],"product_tag":[258,974,688,993],"class_list":{"0":"post-32587","1":"product","2":"type-product","3":"status-publish","4":"has-post-thumbnail","6":"product_cat-alimentation","7":"product_cat-miel-alimentation","8":"product_cat-soin-et-bien-etre","9":"product_tag-en-gros","10":"product_tag-grossiste","11":"product_tag-maroc","12":"product_tag-miel-au-ginseng-hemani","14":"first","15":"instock","16":"shipping-taxable","17":"purchasable","18":"product-type-simple"},"_links":{"self":[{"href":"https:\/\/ventesengros.fr\/de\/wp-json\/wp\/v2\/product\/32587","targetHints":{"allow":["GET"]}}],"collection":[{"href":"https:\/\/ventesengros.fr\/de\/wp-json\/wp\/v2\/product"}],"about":[{"href":"https:\/\/ventesengros.fr\/de\/wp-json\/wp\/v2\/types\/product"}],"wp:featuredmedia":[{"embeddable":true,"href":"https:\/\/ventesengros.fr\/de\/wp-json\/wp\/v2\/media\/32603"}],"wp:attachment":[{"href":"https:\/\/ventesengros.fr\/de\/wp-json\/wp\/v2\/media?parent=32587"}],"wp:term":[{"taxonomy":"product_brand","embeddable":true,"href":"https:\/\/ventesengros.fr\/de\/wp-json\/wp\/v2\/product_brand?post=32587"},{"taxonomy":"product_cat","embeddable":true,"href":"https:\/\/ventesengros.fr\/de\/wp-json\/wp\/v2\/product_cat?post=32587"},{"taxonomy":"product_tag","embeddable":true,"href":"https:\/\/ventesengros.fr\/de\/wp-json\/wp\/v2\/product_tag?post=32587"}],"curies":[{"name":"wp","href":"https:\/\/api.w.org\/{rel}","templated":true}]}}