{"id":32537,"date":"2015-11-05T13:10:00","date_gmt":"2015-11-05T12:10:00","guid":{"rendered":"https:\/\/ventesengros.fr\/grossiste\/huile-dargan-comestible-500ml\/"},"modified":"2026-04-28T13:30:31","modified_gmt":"2026-04-28T12:30:31","slug":"huile-dargan-comestible-500ml","status":"publish","type":"product","link":"https:\/\/ventesengros.fr\/de\/grossiste\/essbares-darganol-500-ml\/","title":{"rendered":"Argan\u00f6l f\u00fcr Lebensmittel 500 ml x 4"},"content":{"rendered":"<p><b>Fassungsverm\u00f6gen: <\/b>500 ml<br \/>\n<b>Gewicht: <\/b>500 g\/St\u00fcck<\/p>","protected":false},"excerpt":{"rendered":"<p>Wir bieten Ihnen diese\u00a0<strong>\u00a0Argan\u00f6l, zum Verzehr geeignet, 500 ml\u00a0<\/strong> Verkauft im 4er-Set.<\/p>\n<p>1 Los:\u00a0<span style=\"color: #0ad227;\">25,50 \u20ac \/ St\u00fcck x 4 = 102,00 \u20ac<\/span><\/p>","protected":false},"featured_media":81398,"template":"","meta":[],"product_brand":[],"product_cat":[206,1571,985,59],"product_tag":[],"class_list":{"0":"post-32537","1":"product","2":"type-product","3":"status-publish","4":"has-post-thumbnail","6":"product_cat-alimentation","7":"product_cat-grossiste-produits-nabaty","8":"product_cat-huile-dargan","9":"product_cat-soin-et-bien-etre","11":"first","12":"instock","13":"shipping-taxable","14":"purchasable","15":"product-type-simple"},"_links":{"self":[{"href":"https:\/\/ventesengros.fr\/de\/wp-json\/wp\/v2\/product\/32537","targetHints":{"allow":["GET"]}}],"collection":[{"href":"https:\/\/ventesengros.fr\/de\/wp-json\/wp\/v2\/product"}],"about":[{"href":"https:\/\/ventesengros.fr\/de\/wp-json\/wp\/v2\/types\/product"}],"wp:featuredmedia":[{"embeddable":true,"href":"https:\/\/ventesengros.fr\/de\/wp-json\/wp\/v2\/media\/81398"}],"wp:attachment":[{"href":"https:\/\/ventesengros.fr\/de\/wp-json\/wp\/v2\/media?parent=32537"}],"wp:term":[{"taxonomy":"product_brand","embeddable":true,"href":"https:\/\/ventesengros.fr\/de\/wp-json\/wp\/v2\/product_brand?post=32537"},{"taxonomy":"product_cat","embeddable":true,"href":"https:\/\/ventesengros.fr\/de\/wp-json\/wp\/v2\/product_cat?post=32537"},{"taxonomy":"product_tag","embeddable":true,"href":"https:\/\/ventesengros.fr\/de\/wp-json\/wp\/v2\/product_tag?post=32537"}],"curies":[{"name":"wp","href":"https:\/\/api.w.org\/{rel}","templated":true}]}}