{"id":32322,"date":"2012-04-03T16:20:59","date_gmt":"2012-04-03T15:20:59","guid":{"rendered":"https:\/\/ventesengros.fr\/grossiste\/huile-de-nigelle-1l-sw\/"},"modified":"2025-02-09T17:58:21","modified_gmt":"2025-02-09T16:58:21","slug":"huile-de-nigelle-1l","status":"publish","type":"product","link":"https:\/\/ventesengros.fr\/de\/grossiste\/schwarzkummelol-1-l\/","title":{"rendered":"Schwarzk\u00fcmmel\u00f6l (pro Liter oder in 60-ml-Flaschen) \u2013 Nabaty"},"content":{"rendered":"<p>Nigella\u00f6l ist unter verschiedenen Namen bekannt. Im Orient wird es oft als Schwarzk\u00fcmmel\u00f6l, gesegnetes \u00d6l oder \u00d6l aus schwarzen Samen bezeichnet. Es ist sehr gut f\u00fcr die Gesundheit und das Immunsystem. Entdecken Sie mit uns die Vorz\u00fcge eines Produkts, das gegen alle Krankheiten au\u00dfer dem Tod hilft (arabisches Sprichwort).<\/p>\n<h2><b>Habba Sawda-\u00d6l und die Vorbeugung gegen Krebszellen<\/b><\/h2>\n<p><span class=\"Apple-converted-space\">\u00a0<\/span>Seit Jahrhunderten wird es im Nahen Osten in der traditionellen Medizin verwendet, und seit etwa vierzig Jahren interessiert sich auch die moderne Medizin f\u00fcr dieses \u00d6l. Nach zahlreichen Experimenten an Versuchstieren im Labor westliche \u00c4rzte den Nachweis erbringen, dass die Einnahme von Schwarzk\u00fcmmelsamen eine Rolle bei der Vorbeugung vieler Krebsarten spielt. Der in Habba-Sawda-\u00d6l enthaltene Wirkstoff (Thymochinon) ist das Molek\u00fcl schlechthin, das auf das Immunsystem wirkt.<\/p>\n<p><span class=\"Apple-converted-space\">\u00a0<\/span>Die Einnahme von Schwarzk\u00fcmmel\u00f6l wird auch zur Behandlung von Atemwegserkrankungen dringend empfohlen. Es ist bekannt f\u00fcr seine bronchienerweiternde Wirkung und stellt eine wirksame L\u00f6sung zur Behandlung von Asthma dar.<\/p>\n<h3><b>Kaltgepresstes Schwarzk\u00fcmmel\u00f6l ist ein wirksames Mittel zur Behandlung von Diabetes.<\/b><\/h3>\n<p><span class=\"Apple-converted-space\">\u00a0<\/span>In Form von Nahrungsmitteln hat Schwarzk\u00fcmmel\u00f6l f\u00fcr Menschen mit Diabetes \u00fcberraschende Wirkungen. Nach zahlreichen Versuchen an Menschen konnte nachgewiesen werden, dass es den Blutzuckerspiegel reguliert. Tats\u00e4chlich stabilisiert sich der glyk\u00e4mische Index dank einer erh\u00f6hten Bauchspeicheldr\u00fcsenaktivit\u00e4t. Der Verzehr von\u2019<a href=\"https:\/\/manelya.com\/produit\/huile-de-nigelle-bio\/\" target=\"_blank\" rel=\"noopener noreferrer\"><strong>Schwarzk\u00fcmmel\u00f6l zum Trinken<\/strong><\/a> stimuliert die Zellen der Bauchspeicheldr\u00fcse und beschleunigt die Insulinproduktion.<span class=\"Apple-converted-space\">\u00a0<\/span>Es ist also diese wohltuende Wirkung, die einen g\u00fcnstigen Ausgang f\u00fcr die<span class=\"Apple-converted-space\">\u00a0<\/span>Blutzuckerwert.<\/p>\n<p><span class=\"Apple-converted-space\">\u00a0<\/span>Obwohl Habba-Sawda-\u00d6l seine heilende Wirkung bei der Vorbeugung vieler Krankheiten bewiesen hat, stehen wissenschaftliche Studien noch am Anfang. Es k\u00f6nnte in den kommenden Jahren zu einem wichtigen Heilmittel werden.<\/p>\n<p>Foto unverbindlich<\/p>\n<p>Alle unsere Produkte sind als White-Label-Produkte erh\u00e4ltlich (<a href=\"https:\/\/ventesengros.fr\/de\/kontakt\/\"><strong>auf Anfrage<\/strong><\/a>)<\/p>\n<p>Staffelpreis ab 10 St\u00fcck: 10% Rabatt (<a href=\"https:\/\/ventesengros.fr\/de\/kontakt\/\"><strong>auf Kostenvoranschlag<\/strong><\/a>)<\/p>\n<p>&nbsp;<\/p>","protected":false},"excerpt":{"rendered":"<p>Wir bieten Ihnen dieses Schwarzk\u00fcmmel\u00f6l aus Marokko in <strong><span style=\"color: #0000ff;\">1-Liter-Flasche oder 12 Fl\u00e4schchen \u00e0 60 ml <\/span><\/strong>mit oder ohne Etikett.<\/p>\n<p><strong>Preis pro Liter: <span style=\"color: #ff0000;\">25,90\u20ac<\/span><\/strong><\/p>\n<p><strong>Preis f\u00fcr eine 60-ml-Flasche:<\/strong>\u00a0<span style=\"color: #ff0000;\"><strong>3,49\u20ac<\/strong><\/span><\/p>\n<p><span style=\"color: #ff0000;\"><strong>Bei mehr als 3 Paketen w\u00e4hlen Sie bitte die gew\u00fcnschte Menge im Warenkorb aus.<\/strong><\/span><\/p>\n<p>Staffelpreis ab 10 St\u00fcck: 10% Rabatt (<span style=\"color: #ff0000;\"><a style=\"color: #ff0000;\" href=\"https:\/\/ventesengros.fr\/de\/kontakt\/\"><strong>Kontaktieren Sie uns<\/strong><\/a><\/span>).<\/p>","protected":false},"featured_media":38435,"template":"","meta":[],"product_brand":[],"product_cat":[59,1371,201],"product_tag":[258,974,532,960],"class_list":{"0":"post-32322","1":"product","2":"type-product","3":"status-publish","4":"has-post-thumbnail","6":"product_cat-soin-et-bien-etre","7":"product_cat-huile-de-nigelle","8":"product_cat-huiles-soin-et-bien-etre","9":"product_tag-en-gros","10":"product_tag-grossiste","11":"product_tag-huile-de-nigelle-1l","12":"product_tag-sweet-sunnah","13":"pa_lot-1-lot-1-litre-3190-e-le-litre","14":"pa_lot-1-lot-12-bouteilles-60ml-389e-la-bouteille","15":"pa_lot-2-lots-2-litres-3090-e-le-litre","16":"pa_lot-2-lots-24-bouteilles-369e-la-bouteille","17":"pa_lot-3-lots-3-litre-2990-e-le-litre","18":"pa_lot-3-lots-36-bouteilles-60ml-349e-la-bouteille","20":"first","21":"instock","22":"featured","23":"shipping-taxable","24":"purchasable","25":"product-type-variable"},"_links":{"self":[{"href":"https:\/\/ventesengros.fr\/de\/wp-json\/wp\/v2\/product\/32322","targetHints":{"allow":["GET"]}}],"collection":[{"href":"https:\/\/ventesengros.fr\/de\/wp-json\/wp\/v2\/product"}],"about":[{"href":"https:\/\/ventesengros.fr\/de\/wp-json\/wp\/v2\/types\/product"}],"wp:featuredmedia":[{"embeddable":true,"href":"https:\/\/ventesengros.fr\/de\/wp-json\/wp\/v2\/media\/38435"}],"wp:attachment":[{"href":"https:\/\/ventesengros.fr\/de\/wp-json\/wp\/v2\/media?parent=32322"}],"wp:term":[{"taxonomy":"product_brand","embeddable":true,"href":"https:\/\/ventesengros.fr\/de\/wp-json\/wp\/v2\/product_brand?post=32322"},{"taxonomy":"product_cat","embeddable":true,"href":"https:\/\/ventesengros.fr\/de\/wp-json\/wp\/v2\/product_cat?post=32322"},{"taxonomy":"product_tag","embeddable":true,"href":"https:\/\/ventesengros.fr\/de\/wp-json\/wp\/v2\/product_tag?post=32322"}],"curies":[{"name":"wp","href":"https:\/\/api.w.org\/{rel}","templated":true}]}}