{"id":32144,"date":"2016-04-25T18:40:00","date_gmt":"2016-04-25T17:40:00","guid":{"rendered":"https:\/\/ventesengros.fr\/grossiste\/huile-de-foumi-1l\/"},"modified":"2025-09-15T11:44:55","modified_gmt":"2025-09-15T10:44:55","slug":"huile-de-foumi-1l","status":"publish","type":"product","link":"https:\/\/ventesengros.fr\/de\/grossiste\/foumi-ol-1-l\/","title":{"rendered":"Ameisen\u00f6l (Verkauft in 1-Liter-Packungen)"},"content":{"rendered":"<p>Ameisen\u00f6l 1 l<\/p>\n<p>Das bei Orient Grossiste verkaufte Ameisen\u00f6l ist ein \u00d6l von sehr hoher Qualit\u00e4t.<\/p>\n<p>gute Qualit\u00e4t 100% nat\u00fcrlich, enth\u00e4lt keine Chemikalien.<\/p>\n<p>Dieses \u00d6l wird aus Pflanzen hergestellt, die seit vielen Jahren in der<\/p>\n<p>Im Nahen Osten, aber auch in Asien erfreut sich dieses \u00d6l immer gr\u00f6\u00dferer Beliebtheit und ist<\/p>\n<p>wird mittlerweile weltweit eingesetzt.<\/p>\n<p>Was ist das Besondere daran?<\/p>\n<p>Ameisen\u00f6l ist bekannt und anerkannt f\u00fcr seine F\u00e4higkeit,<\/p>\n<p>die Haare endg\u00fcltig! Zun\u00e4chst werden die Haare d\u00fcnner,<\/p>\n<p>bis sie vollst\u00e4ndig verschwunden sind. Sie hat auch die F\u00e4higkeit,<\/p>\n<p>die Haut tiefgehend mit Feuchtigkeit zu versorgen und sie weicher zu machen, was<\/p>\n<p>besonders n\u00fctzlich nach einer Haarentfernungssitzung. Ameisen\u00f6l<\/p>\n<p>kann somit auf allen K\u00f6rperstellen angewendet werden, selbst auf den empfindlichsten.<\/p>\n<p>Es verursacht keine Nebenwirkungen oder Allergien.<\/p>\n<p>Wie wird es angewendet?<\/p>\n<p>Sie k\u00f6nnen das Ameisen\u00f6l von Orient Grossiste anwenden, indem Sie<\/p>\n<p>Massage direkt nach Ihrer Haarentfernungssitzung, 5 bis 10 Minuten lang, um<\/p>\n<p>damit das \u00d6l gut in die Haut einziehen kann. Sie sollten es jeden Abend anwenden.<\/p>\n<p>vorzugsweise immer in Form einer Massage. Erneuern Sie Ihr<\/p>\n<p>Anwendung nach jeder Haarentfernungssitzung, echte Ergebnisse<\/p>\n<p>k\u00f6nnen nach 5 Sitzungen beobachtet werden.<\/p>\n<p>Ameisen\u00f6l von Orient Grossiste<\/p>\n<p>Sie k\u00f6nnen Ameisen\u00f6l in 1-Liter-Flaschen im Gro\u00dfhandel kaufen.<\/p>\n<p>direkt aus Marokko. Sie wird in Einheiten von 1 St\u00fcck verkauft.<\/p>\n<p>Ab einem Kauf von 2 oder mehr Losen k\u00f6nnen Sie<\/p>\n<p>von einem degressiven St\u00fcckpreis profitieren.<\/p>\n<p>Dieses 1-Liter-Ameisen\u00f6l k\u00f6nnen Sie im Einzelhandel weiterverkaufen unter<\/p>\n<p>Form kleinerer Beh\u00e4lter, um Ihre Marge zu erh\u00f6hen. Sie<\/p>\n<p>In der Kategorie \u201eBazar\u201c auf unserer Website finden Sie leere Flaschen.<\/p>\n<p>um selbst Beh\u00e4lter mit 30 ml oder mehr zu bef\u00fcllen<\/p>\n<p>mehr.<\/p>","protected":false},"excerpt":{"rendered":"<p>Wir bieten Ihnen dieses Ameisen\u00f6l in <span style=\"color: #0000ff;\"><b>1-Liter-Flasche<\/b>.<\/span><\/p>\n<ul>\n<li><b>Preis pro Liter Flasche <span class=\"Apple-converted-space\">\u00a0 <\/span>:<\/b> <span style=\"color: #ff0000;\"><strong>37\u20ac<\/strong><\/span><\/li>\n<\/ul>","protected":false},"featured_media":75809,"template":"","meta":[],"product_brand":[],"product_cat":[201,59,606],"product_tag":[258,974,939,688],"class_list":{"0":"post-32144","1":"product","2":"type-product","3":"status-publish","4":"has-post-thumbnail","6":"product_cat-huiles-soin-et-bien-etre","7":"product_cat-soin-et-bien-etre","8":"product_cat-vrac-par-litre","9":"product_tag-en-gros","10":"product_tag-grossiste","11":"product_tag-huile-de-foumi-1l","12":"product_tag-maroc","13":"pa_lot-1-lot-1-litre-2699e-soit-2699e-le-litre","14":"pa_lot-2-lots-2-litres-5198e-soit-2599e-le-litre","15":"pa_lot-3-lots-3-litres-7497e-soit-2499e-le-litre","17":"first","18":"instock","19":"featured","20":"shipping-taxable","21":"purchasable","22":"product-type-simple"},"_links":{"self":[{"href":"https:\/\/ventesengros.fr\/de\/wp-json\/wp\/v2\/product\/32144","targetHints":{"allow":["GET"]}}],"collection":[{"href":"https:\/\/ventesengros.fr\/de\/wp-json\/wp\/v2\/product"}],"about":[{"href":"https:\/\/ventesengros.fr\/de\/wp-json\/wp\/v2\/types\/product"}],"wp:featuredmedia":[{"embeddable":true,"href":"https:\/\/ventesengros.fr\/de\/wp-json\/wp\/v2\/media\/75809"}],"wp:attachment":[{"href":"https:\/\/ventesengros.fr\/de\/wp-json\/wp\/v2\/media?parent=32144"}],"wp:term":[{"taxonomy":"product_brand","embeddable":true,"href":"https:\/\/ventesengros.fr\/de\/wp-json\/wp\/v2\/product_brand?post=32144"},{"taxonomy":"product_cat","embeddable":true,"href":"https:\/\/ventesengros.fr\/de\/wp-json\/wp\/v2\/product_cat?post=32144"},{"taxonomy":"product_tag","embeddable":true,"href":"https:\/\/ventesengros.fr\/de\/wp-json\/wp\/v2\/product_tag?post=32144"}],"curies":[{"name":"wp","href":"https:\/\/api.w.org\/{rel}","templated":true}]}}