{"id":32094,"date":"2016-12-11T10:23:57","date_gmt":"2016-12-11T09:23:57","guid":{"rendered":"https:\/\/ventesengros.fr\/?post_type=product&#038;p=32094"},"modified":"2025-09-15T19:35:48","modified_gmt":"2025-09-15T18:35:48","slug":"gouttes-damour-aphrodisiaque-10g","status":"publish","type":"product","link":"https:\/\/ventesengros.fr\/de\/grossiste\/aphrodisierende-liebestropfen-10-g\/","title":{"rendered":"Liebestropfen Aphrodisiakum 10 g"},"content":{"rendered":"<p>Im Folgenden erfahren Sie alles Wissenswerte \u00fcber das Produkt \u201eGouttes d\u2019amour aphrodisiaque\u201d (Aphrodisiakum-Tropfen). Ein Aphrodisiakum ist eine nat\u00fcrliche Substanz oder eine chemische Verbindung, die das sexuelle Verlangen bei M\u00e4nnern oder Frauen steigern soll. Es erh\u00f6ht die sexuelle Leistungsf\u00e4higkeit und steigert das Lustempfinden und die Liebe. Es gibt viele Lebensmittel, die diese Wirkung haben, zum Beispiel <b>Safran\u00a0<\/b>die Sie finden k\u00f6nnen unter <a href=\"https:\/\/www.vertus-dorient.com\/huiles-naturelles\/358-huile-de-safran-pur.html\" target=\"_blank\" rel=\"noopener\"><strong>diese Website<\/strong><\/a>.<\/p>\n<p>Die <b>aphrodisierende Liebestropfen <\/b>sind f\u00fcr M\u00e4nner gedacht, die ihre k\u00f6rperliche Verfassung vor dem Geschlechtsverkehr verbessern m\u00f6chten. Es handelt sich um ein nat\u00fcrliches St\u00e4rkungsmittel aus Dattelbl\u00fctenpollen. Es besteht aus einer Mischung aus Kr\u00e4utern aus dem Regenwald sowie <a href=\"https:\/\/www.ma-fertilite.com\/produit\/miel-du-soudan\" target=\"_blank\" rel=\"noopener noreferrer\"><strong>Sudanesischer Honig<\/strong><\/a> verbessert durch Gel\u00e9e Royale.<\/p>\n<h2><strong>Aphrodisierende Liebestropfen, deren Wirksamkeit bereits bewiesen ist:\u00a0<\/strong><\/h2>\n<p>Dieses <b>sexuelles Stimulans<\/b> liegt vor in Form von <b>10-Gramm-Sticks. Tats\u00e4chlich ist dieser<\/b>\u00a01 Stunde vor dem Geschlechtsverkehr einnehmen, ohne eine Dosis pro Tag zu \u00fcberschreiten. Dieses nat\u00fcrliche Produkt 100% ist sehr wirksam und erfreut sich daher gro\u00dfer Beliebtheit. Dank seiner schlichten Verpackung und seinem leicht erkennbaren Logo k\u00f6nnen Sie es unter den zahlreichen F\u00e4lschungen, die illegal im Internet kursieren, leicht erkennen.<\/p>\n<p>Dieses Produkt wird verkauft <b>im Gro\u00dfen und Ganzen<\/b> damit Sie es im Einzelhandel weiterverkaufen k\u00f6nnen. Wir bieten Ihnen Packungen mit 25 Sticks zu wirklich g\u00fcnstigen Preisen an. <b>preiswert<\/b>, mit einem degressiven St\u00fcckpreis, je gr\u00f6\u00dfer die bestellte Menge ist.<\/p>\n<h3><strong>Orient Grossiste, weil uns Ihre Zufriedenheit wichtig ist:\u00a0<\/strong><\/h3>\n<p>Dar\u00fcber hinaus geben wir Ihnen f\u00fcr dieses Produkt den empfohlenen Verkaufspreis an, der sich so weit wie m\u00f6glich am aktuellen Markt orientiert, um Ihnen den Einstieg in den Handel so einfach wie m\u00f6glich zu machen.<\/p>\n<p>Die <b>Tropfen der Liebe<\/b> zum <strong>Liebeshonig<\/strong> werden von Ihrem <b><a href=\"https:\/\/ventesengros.fr\/de\/\" target=\"_blank\" rel=\"noopener noreferrer\">Online-Gro\u00dfh\u00e4ndler<\/a><\/b>, und k\u00f6nnen somit alle unsere Lieferdienste in Anspruch nehmen. Profitieren Sie auch von unserem ausgezeichneten, professionellen und stets verf\u00fcgbaren Kundenservice. Wir beantworten alle Ihre Fragen zu sehr flexiblen Zeiten.<\/p>\n<p>Foto unverbindlich<\/p>\n<p>Alle unsere Produkte sind als White-Label-Produkte erh\u00e4ltlich (<a href=\"https:\/\/ventesengros.fr\/de\/kontakt\/\"><strong>auf Anfrage<\/strong><\/a>)<\/p>\n<p>Staffelpreis ab 10 St\u00fcck: 10% Rabatt (<a href=\"https:\/\/ventesengros.fr\/de\/kontakt\/\"><strong>auf Kostenvoranschlag<\/strong><\/a>)<\/p>\n<p>&nbsp;<\/p>","protected":false},"excerpt":{"rendered":"<p>Wir bieten Ihnen Sticks von <b>Tropfen der Liebe<\/b>\u00a0Verkauft in Packungen zu 25 St\u00fcck.<\/p>\n<p><strong>St\u00fcckpreis <span style=\"color: #ff0000;\">1,04 \u20ac \/ St\u00fcck<\/span>.<\/strong><\/p>","protected":false},"featured_media":36860,"template":"","meta":[],"product_brand":[],"product_cat":[206,930,59],"product_tag":[932,258,931,974,191],"class_list":{"0":"post-32094","1":"product","2":"type-product","3":"status-publish","4":"has-post-thumbnail","6":"product_cat-alimentation","7":"product_cat-aphrodisiaque","8":"product_cat-soin-et-bien-etre","9":"product_tag-aphrodisiaque-2","10":"product_tag-en-gros","11":"product_tag-goutte-d-amour","12":"product_tag-grossiste","13":"product_tag-pas-cher","14":"pa_lot-158","15":"pa_lot-2-lots","16":"pa_lot-3-lots","18":"first","19":"instock","20":"shipping-taxable","21":"purchasable","22":"product-type-simple"},"_links":{"self":[{"href":"https:\/\/ventesengros.fr\/de\/wp-json\/wp\/v2\/product\/32094","targetHints":{"allow":["GET"]}}],"collection":[{"href":"https:\/\/ventesengros.fr\/de\/wp-json\/wp\/v2\/product"}],"about":[{"href":"https:\/\/ventesengros.fr\/de\/wp-json\/wp\/v2\/types\/product"}],"wp:featuredmedia":[{"embeddable":true,"href":"https:\/\/ventesengros.fr\/de\/wp-json\/wp\/v2\/media\/36860"}],"wp:attachment":[{"href":"https:\/\/ventesengros.fr\/de\/wp-json\/wp\/v2\/media?parent=32094"}],"wp:term":[{"taxonomy":"product_brand","embeddable":true,"href":"https:\/\/ventesengros.fr\/de\/wp-json\/wp\/v2\/product_brand?post=32094"},{"taxonomy":"product_cat","embeddable":true,"href":"https:\/\/ventesengros.fr\/de\/wp-json\/wp\/v2\/product_cat?post=32094"},{"taxonomy":"product_tag","embeddable":true,"href":"https:\/\/ventesengros.fr\/de\/wp-json\/wp\/v2\/product_tag?post=32094"}],"curies":[{"name":"wp","href":"https:\/\/api.w.org\/{rel}","templated":true}]}}