{"id":32072,"date":"2015-07-15T09:10:52","date_gmt":"2015-07-15T08:10:52","guid":{"rendered":"https:\/\/ventesengros.fr\/grossiste\/huile-de-nigelle-250ml-2\/"},"modified":"2026-04-28T13:26:49","modified_gmt":"2026-04-28T12:26:49","slug":"huile-de-nigelle-250ml-2","status":"publish","type":"product","link":"https:\/\/ventesengros.fr\/de\/grossiste\/schwarzkummelol-250-ml-2\/","title":{"rendered":"Schwarzk\u00fcmmel\u00f6l 250 ml x 8"},"content":{"rendered":"<p><b>Fassungsverm\u00f6gen:<\/b>250 ml<\/p>\n<p><b>Herkunft:<\/b>Marokko<\/p>\n<p><b>Gewicht:<\/b>260 g\/St\u00fcck<\/p>","protected":false},"excerpt":{"rendered":"<p>Wir bieten Ihnen Folgendes an\u00a0<strong>\u00a0Schwarzk\u00fcmmel\u00f6l 250 ml\u00a0\u00a0<\/strong>Verkauft im 8er-Set.<\/p>\n<p>Empfohlener Verkaufspreis: 14,90 Euro.<\/p>\n<p>1 Los: <span style=\"color: #0ad227;\">6,99 \u20ac \/ St\u00fcck x 8 = 55,92 \u20ac<\/span><\/p>","protected":false},"featured_media":81400,"template":"","meta":[],"product_brand":[],"product_cat":[290,1371,201,59],"product_tag":[538,974,861,688],"class_list":{"0":"post-32072","1":"product","2":"type-product","3":"status-publish","4":"has-post-thumbnail","6":"product_cat-autre","7":"product_cat-huile-de-nigelle","8":"product_cat-huiles-soin-et-bien-etre","9":"product_cat-soin-et-bien-etre","10":"product_tag-engros","11":"product_tag-grossiste","12":"product_tag-huile-de-nigelle-250ml","13":"product_tag-maroc","15":"first","16":"instock","17":"shipping-taxable","18":"purchasable","19":"product-type-simple"},"_links":{"self":[{"href":"https:\/\/ventesengros.fr\/de\/wp-json\/wp\/v2\/product\/32072","targetHints":{"allow":["GET"]}}],"collection":[{"href":"https:\/\/ventesengros.fr\/de\/wp-json\/wp\/v2\/product"}],"about":[{"href":"https:\/\/ventesengros.fr\/de\/wp-json\/wp\/v2\/types\/product"}],"wp:featuredmedia":[{"embeddable":true,"href":"https:\/\/ventesengros.fr\/de\/wp-json\/wp\/v2\/media\/81400"}],"wp:attachment":[{"href":"https:\/\/ventesengros.fr\/de\/wp-json\/wp\/v2\/media?parent=32072"}],"wp:term":[{"taxonomy":"product_brand","embeddable":true,"href":"https:\/\/ventesengros.fr\/de\/wp-json\/wp\/v2\/product_brand?post=32072"},{"taxonomy":"product_cat","embeddable":true,"href":"https:\/\/ventesengros.fr\/de\/wp-json\/wp\/v2\/product_cat?post=32072"},{"taxonomy":"product_tag","embeddable":true,"href":"https:\/\/ventesengros.fr\/de\/wp-json\/wp\/v2\/product_tag?post=32072"}],"curies":[{"name":"wp","href":"https:\/\/api.w.org\/{rel}","templated":true}]}}