{"id":3186,"date":"2014-09-08T19:03:55","date_gmt":"2014-09-08T18:03:55","guid":{"rendered":"http:\/\/pietra-communication.com\/ventesengros.fr\/?post_type=product&#038;p=3186"},"modified":"2024-05-27T18:49:33","modified_gmt":"2024-05-27T17:49:33","slug":"huile-de-serpent-120-ml-hemani","status":"publish","type":"product","link":"https:\/\/ventesengros.fr\/de\/grossiste\/schlangenol-120-ml-heman\/","title":{"rendered":"Schlangen\u00f6l 120 ml HEMANI X 12"},"content":{"rendered":"<p><strong>Eigentum:<\/strong><\/p>\n<p>El Hayah (Schlangen\u00f6l) ist eine ausgewogene Mischung aus pflanzlichen \u00d6len, die besonders wohltuend auf das Haar wirkt: Sie sch\u00fctzt, st\u00e4rkt, spendet Feuchtigkeit, beugt Haarausfall vor und wirkt gegen Schuppen.<\/p>\n<p>El-Hayah besteht aus folgenden \u00d6len:<\/p>\n<p>-Rizinus\u00f6l<\/p>\n<p>-S\u00fc\u00dfmandel\u00f6l<\/p>\n<p>-Avocado\u00f6l<\/p>\n<p>-Argan\u00f6l<\/p>\n<p>-Sesam\u00f6l<\/p>\n<p>-Kokos\u00f6l<\/p>\n<p>-Soja\u00f6l<\/p>\n<p>-Rucola\u00f6l<\/p>\n<p><strong>Verwendung:<\/strong><\/p>\n<p>Tragen Sie ausreichend El Hayah Haar\u00f6l auf die gesamte Haarl\u00e4nge und die Kopfhaut auf. Massieren Sie es sorgf\u00e4ltig ein, um das gesamte Haar zu bedecken, und trocknen Sie es bei Bedarf mit einem Handtuch. Verwenden Sie die Kur am Vorabend jeder Haarw\u00e4sche oder t\u00e4glich so oft Sie m\u00f6chten.<\/p>\n<div id=\":9n.co\" class=\"tL8wMe xAWnQc\" dir=\"ltr\"><b>Fassungsverm\u00f6gen:<\/b>120 ml<\/div>\n<div class=\"tL8wMe xAWnQc\" dir=\"ltr\"><b>Marke:<\/b>Hemani<br \/>\n<b><b><b><b><b><b><b>Herkunft:<\/b><\/b><\/b><\/b><\/b><\/b><\/b>Pakistan<b><b><b><b><b><b><b><br \/>\n<\/b><\/b><\/b><\/b><\/b><\/b><\/b><b>Gewicht:<\/b>260 g\/St\u00fcck<\/div>","protected":false},"excerpt":{"rendered":"<p>Wir bieten Ihnen diese<strong>\u00a0Schlangen\u00f6l 120 ml HEMANI<\/strong><strong>\u00a0<\/strong>Verkauf im 12er-Pack<\/p>\n<p>Empfohlener Verkaufspreis:  15,90 \u20ac.<\/p>\n<p>1 Los: <span style=\"color: #0ad227;\">5,39 \u20ac \/ St\u00fcck x 12 = 64,68 \u20ac<\/span><\/p>\n<p>&nbsp;<\/p>\n<p>&nbsp;<\/p>","protected":false},"featured_media":3191,"template":"","meta":[],"product_brand":[],"product_cat":[290,1458,201,59],"product_tag":[332,305,972,172],"class_list":{"0":"post-3186","1":"product","2":"type-product","3":"status-publish","4":"has-post-thumbnail","6":"product_cat-autre","7":"product_cat-huile-de-serpent","8":"product_cat-huiles-soin-et-bien-etre","9":"product_cat-soin-et-bien-etre","10":"product_tag-120ml","11":"product_tag-hemani","12":"product_tag-huile","13":"product_tag-serpent","14":"pa_lot-158","15":"pa_lot-160","16":"pa_lot-159","18":"first","19":"instock","20":"shipping-taxable","21":"purchasable","22":"product-type-simple"},"_links":{"self":[{"href":"https:\/\/ventesengros.fr\/de\/wp-json\/wp\/v2\/product\/3186","targetHints":{"allow":["GET"]}}],"collection":[{"href":"https:\/\/ventesengros.fr\/de\/wp-json\/wp\/v2\/product"}],"about":[{"href":"https:\/\/ventesengros.fr\/de\/wp-json\/wp\/v2\/types\/product"}],"wp:featuredmedia":[{"embeddable":true,"href":"https:\/\/ventesengros.fr\/de\/wp-json\/wp\/v2\/media\/3191"}],"wp:attachment":[{"href":"https:\/\/ventesengros.fr\/de\/wp-json\/wp\/v2\/media?parent=3186"}],"wp:term":[{"taxonomy":"product_brand","embeddable":true,"href":"https:\/\/ventesengros.fr\/de\/wp-json\/wp\/v2\/product_brand?post=3186"},{"taxonomy":"product_cat","embeddable":true,"href":"https:\/\/ventesengros.fr\/de\/wp-json\/wp\/v2\/product_cat?post=3186"},{"taxonomy":"product_tag","embeddable":true,"href":"https:\/\/ventesengros.fr\/de\/wp-json\/wp\/v2\/product_tag?post=3186"}],"curies":[{"name":"wp","href":"https:\/\/api.w.org\/{rel}","templated":true}]}}