{"id":31764,"date":"2015-07-18T01:00:28","date_gmt":"2015-07-18T00:00:28","guid":{"rendered":"https:\/\/ventesengros.fr\/?post_type=product&#038;p=31764"},"modified":"2026-01-23T18:40:07","modified_gmt":"2026-01-23T17:40:07","slug":"graine-de-nigelle-du-maroc-100g","status":"publish","type":"product","link":"https:\/\/ventesengros.fr\/de\/grossiste\/nigellasamen-aus-marokko-100-g\/","title":{"rendered":"Nigellasamen aus Marokko (pro Kilogramm oder in 100-g-Beuteln)"},"content":{"rendered":"<p>Nigella sativa ist eine Pflanze, aus der die ber\u00fchmten Schwarzk\u00fcmmelsamen gewonnen werden. Diese schwarzen, dreieckigen Samen von der Gr\u00f6\u00dfe eines Bockshornkleesamen sind essbar und sehr gesund. Sie sind in der orientalischen K\u00fcche sehr beliebt und mittlerweile auch in Europa sehr gefragt. Das liegt an ihrem guten Geschmack und ihrer wichtigen Rolle f\u00fcr die Gesundheit.<\/p>\n<h2><strong>Nigella-Samen: der Samen aller Heilmittel<\/strong><\/h2>\n<p>Nigellasamen sind das Heilmittel f\u00fcr alle Krankheiten. Sie sind in jeder Hinsicht hervorragend f\u00fcr das Gleichgewicht und das Wohlbefinden und enthalten ein Molek\u00fcl namens Nigellon. Diese Substanz st\u00e4rkt das Immunsystem und die Aktivit\u00e4t der K\u00f6rperorgane. Schwarzk\u00fcmmelsamen k\u00f6nnen ohne Einschr\u00e4nkung verzehrt werden und haben eine grundlegende blutzuckersenkende Wirkung. Sie sind sehr vorteilhaft f\u00fcr Menschen, die an Diabetes oder Bluthochdruck leiden. Sie stimuliert n\u00e4mlich die Insulinproduktion in der Bauchspeicheldr\u00fcse und senkt den Blutzuckerspiegel. Dar\u00fcber hinaus wirkt sie effektiv gegen schlechtes Cholesterin. Ihre Vorz\u00fcge sind vielf\u00e4ltig. Sie hat auch den Ruf, die Zellaktivit\u00e4t in Leber, Magen und Darm zu st\u00e4rken.<\/p>\n<h2><strong>Wie verwendet man sie effektiv in der K\u00fcche?<\/strong><\/h2>\n<p>Man kann sagen, dass der Nigellasamen mit dem Sesam verwandt ist. Er dient zur Dekoration und W\u00fcrzung vieler Mehlspeisen. \u00dcblicherweise wird er auf t\u00fcrkischem Brot, auf Baguettes in Algerien oder auf italienischem Brot (tunesisches Brot in Bl\u00fctenform) verwendet. Au\u00dferdem werden sie reichlich auf gef\u00fcllten Croissants und herzhaften Speisen verwendet.<\/p>\n<p>Schlie\u00dflich ist es in arabischen L\u00e4ndern sehr beliebt, Honig (<a href=\"https:\/\/www.pause-au-naturelle.com\/produit\/miel-de-jujubier-du-maroc-250g\/\" target=\"_blank\" rel=\"noopener noreferrer\"><strong>Marokkanischer Jujubehonig<\/strong><\/a> zum Beispiel) von h\u00f6herer Qualit\u00e4t als Schwarzk\u00fcmmelsamen. Dieser Energie-Cocktail soll Kraft spenden und gleichzeitig die Gesundheit erhalten. Entdecken Sie die <a href=\"https:\/\/ventesengros.fr\/de\/grossiste\/nigellasamen-lose\/\"><strong>arabischer Schwarzk\u00fcmmel<\/strong><\/a> !<\/p>","protected":false},"excerpt":{"rendered":"<p>Wir bieten Ihnen Nigella-Samen zum <strong><span style=\"color: #0000ff;\">Kilo<\/span><\/strong>\u00a0<span style=\"color: #0000ff;\"><b>oder im 12er-Pack mit Beuteln \u00e0 100 Gramm<\/b>. <span style=\"color: #000000;\"><strong>Staffelpreis<\/strong><\/span>.<\/span><\/p>\n<ul>\n<li><b>Preis pro Kilogramm:<\/b>\u00a0<span style=\"color: #ff0000;\"><strong>8,99\u20ac<\/strong><\/span><\/li>\n<li><b>Preis pro 100-Gramm-Beutel:<\/b>\u00a0<strong><span style=\"color: #ff0000;\">1,29\u20ac<\/span><\/strong><\/li>\n<\/ul>\n<p><span style=\"color: #ff0000;\"><b>Bei mehr als 3 Paketen w\u00e4hlen Sie bitte die gew\u00fcnschte Menge im Warenkorb aus.\u00a0<\/b><\/span><\/p>\n<p>Profitieren Sie von einem Rabatt von 10% bei mehr als 10 Losen (<span style=\"color: #ff0000;\"><a style=\"color: #ff0000;\" href=\"https:\/\/ventesengros.fr\/de\/kontakt\/\"><strong>Kontaktieren Sie uns<\/strong><\/a><\/span>).<\/p>\n<p>&nbsp;<\/p>","protected":false},"featured_media":38022,"template":"","meta":[],"product_brand":[],"product_cat":[206,873,59],"product_tag":[538,868,974,688,88],"class_list":{"0":"post-31764","1":"product","2":"type-product","3":"status-publish","4":"has-post-thumbnail","6":"product_cat-alimentation","7":"product_cat-habba-sawda-alimentation","8":"product_cat-soin-et-bien-etre","9":"product_tag-engros","10":"product_tag-graine-de-habba-sawda-du-maroc-100g","11":"product_tag-grossiste","12":"product_tag-maroc","13":"product_tag-nigelle","14":"pa_lot-1-lot-12-sachets-de-100g-1788e-soit-149e-le-sachet","15":"pa_lot-1-lot-1kg-999e-soit-999e-le-kilo","16":"pa_lot-2-lots-24-sachets-de-100g-3336e-soit-139e-le-sachet","17":"pa_lot-2-lot-2kg-1898e-soit-949e-le-kilo","18":"pa_lot-3-lots-36-sachets-de-100g-4644e-soit-129e","19":"pa_lot-3-lots-3kg-2697e-soit-899e-le-kilo","21":"first","22":"instock","23":"shipping-taxable","24":"purchasable","25":"product-type-variable"},"_links":{"self":[{"href":"https:\/\/ventesengros.fr\/de\/wp-json\/wp\/v2\/product\/31764","targetHints":{"allow":["GET"]}}],"collection":[{"href":"https:\/\/ventesengros.fr\/de\/wp-json\/wp\/v2\/product"}],"about":[{"href":"https:\/\/ventesengros.fr\/de\/wp-json\/wp\/v2\/types\/product"}],"wp:featuredmedia":[{"embeddable":true,"href":"https:\/\/ventesengros.fr\/de\/wp-json\/wp\/v2\/media\/38022"}],"wp:attachment":[{"href":"https:\/\/ventesengros.fr\/de\/wp-json\/wp\/v2\/media?parent=31764"}],"wp:term":[{"taxonomy":"product_brand","embeddable":true,"href":"https:\/\/ventesengros.fr\/de\/wp-json\/wp\/v2\/product_brand?post=31764"},{"taxonomy":"product_cat","embeddable":true,"href":"https:\/\/ventesengros.fr\/de\/wp-json\/wp\/v2\/product_cat?post=31764"},{"taxonomy":"product_tag","embeddable":true,"href":"https:\/\/ventesengros.fr\/de\/wp-json\/wp\/v2\/product_tag?post=31764"}],"curies":[{"name":"wp","href":"https:\/\/api.w.org\/{rel}","templated":true}]}}