{"id":31761,"date":"2015-05-30T11:24:59","date_gmt":"2015-05-30T10:24:59","guid":{"rendered":"https:\/\/ventesengros.fr\/?post_type=product&#038;p=31761"},"modified":"2023-02-16T09:29:54","modified_gmt":"2023-02-16T08:29:54","slug":"feuille-de-sene-en-poudre-au-kilo","status":"publish","type":"product","link":"https:\/\/ventesengros.fr\/de\/grossiste\/sennesblatter-pulverisiert-pro-kilogramm\/","title":{"rendered":"Sennesbl\u00e4tter, pulverisiert (pro Kilogramm oder in 100-g-Beuteln)"},"content":{"rendered":"<p>Das gemahlene Sennesbl\u00e4tterpulver wird in unserem Online-Shop verkauft und erleichtert Ihnen die Zubereitung Ihrer Kr\u00e4utertees erheblich. Es vereinfacht auch die Zubereitung von Abkochungen.<\/p>\n<h2><b>Senna-Blattpulver: eine erhebliche Zeitersparnis<\/b><\/h2>\n<p><span class=\"Apple-converted-space\">\u00a0<\/span>Mit pulverisierten Sennesbl\u00e4ttern haben Sie in Echtzeit<span class=\"Apple-converted-space\">\u00a0 <\/span>des gesamten Rezepts \u00fcber ein Konzentrat. Sowohl die Pulverformel als auch die Kapseln erm\u00f6glichen<span class=\"Apple-converted-space\">\u00a0 <\/span>sofort zu haben<\/p>\n<p>Alle Vorz\u00fcge von Sana Makki stehen Ihnen zur Verf\u00fcgung. Sie m\u00fcssen also nur noch zwei kleine Teel\u00f6ffel in eine Tasse mit hei\u00dfem Wasser geben. Das entspricht etwa maximal zwei Gramm. Mit dem Beutel mit pulverisierten Sennesbl\u00e4ttern k\u00f6nnen Sie Ihre Kur nach zehn Tagen sinnvoll kontrollieren. Dank der umweltfreundlichen Verpackung k\u00f6nnen Sie den Rohstoff optimal in einer Ecke Ihres Schranks aufbewahren.<\/p>\n<h2><b>La Sana Makki: das Abf\u00fchrmittel schlechthin<\/b><\/h2>\n<p><span class=\"Apple-converted-space\">\u00a0<\/span>Diese L\u00f6sung zur F\u00f6rderung der Darmt\u00e4tigkeit ist nicht neu. Man kann sogar sagen, dass die Verwendung von pulverisierten Sennesbl\u00e4ttern so alt ist wie Methusalem. Bereits zur Zeit der Pharaonen verwendeten die \u00c4gypter dieses Abf\u00fchrmittel mit Hilfe eines Bambusrohrs, das in den Enddarm eingef\u00fchrt wurde, um die durch Verstopfung verursachten Schmerzen zu bek\u00e4mpfen. Auch wenn diese Methode heute archaisch erscheint, ist der Sud aus pulverisierten Sennesbl\u00e4ttern die ideale Alternative, um Darmverstopfungen zu beheben.<\/p>\n<p><span class=\"Apple-converted-space\">\u00a0<\/span>Dieses Abf\u00fchrmittel hat jedoch seine Grenzen. Es darf nicht l\u00e4nger als eine Woche hintereinander angewendet werden, da es sonst zu akutem Durchfall kommen kann. Eine kontrollierte Anwendung bei gelegentlicher und schmerzhafter Verstopfung ist die Norm. Eine \u00dcberschreitung dieser Empfehlung kann die Darmflora sch\u00e4digen und zu einem Mangel an Spurenelementen f\u00fchren. Wenn die <a href=\"https:\/\/www.plaisirsdorient.com\/fr\/medecine-prophetique\/17-sana-makki.html\" target=\"_blank\" rel=\"noopener noreferrer\"><strong>Sana Makki<\/strong><\/a> ist kurzfristig wirksam und sollte morgens und abends angewendet werden.<\/p>\n<p>Foto unverbindlich<\/p>\n<p>Alle unsere Produkte sind als White-Label-Produkte erh\u00e4ltlich (<a href=\"https:\/\/ventesengros.fr\/de\/kontakt\/\"><strong>auf Anfrage<\/strong><\/a>)<\/p>\n<p>Staffelpreis ab 10 St\u00fcck: 10% Rabatt (<a href=\"https:\/\/ventesengros.fr\/de\/kontakt\/\"><strong>auf Kostenvoranschlag<\/strong><\/a>)<\/p>","protected":false},"excerpt":{"rendered":"<p>Wir bieten Ihnen Senna-Makki-Bl\u00e4tter in Pulverform an.\u00a0<span style=\"color: #0000ff;\"><strong>Verkauf pro Kilogramm oder in 100-g-Beuteln im 12er-Pack<\/strong><\/span>. <strong>Staffelpreis.<\/strong><\/p>\n<p><b>Preis pro Kilogramm:<\/b>\u00a0<span style=\"color: #ff0000;\"><strong>9,99\u20ac<\/strong><\/span><\/p>\n<p><b>Preis pro Beutel<span class=\"Apple-converted-space\">\u00a0<\/span>:<\/b>\u00a0<strong><span style=\"color: #ff0000;\">0,99\u20ac<\/span><\/strong><\/p>\n<p><span style=\"color: #ff0000;\"><b>Bei mehr als 3 Paketen w\u00e4hlen Sie bitte die gew\u00fcnschte Menge im Warenkorb aus.<\/b><\/span><\/p>\n<p>Profitieren Sie von einem Rabatt von 10% bei mehr als 10 Losen (<span style=\"color: #ff0000;\"><a style=\"color: #ff0000;\" href=\"https:\/\/ventesengros.fr\/de\/kontakt\/\"><strong>Kontaktieren Sie uns<\/strong><\/a><\/span>).<\/p>","protected":false},"featured_media":38014,"template":"","meta":[],"product_brand":[],"product_cat":[360,1372,59],"product_tag":[538,866,974,688],"class_list":{"0":"post-31761","1":"product","2":"type-product","3":"status-publish","4":"has-post-thumbnail","6":"product_cat-produit-naturel-en-vrac","7":"product_cat-roqya","8":"product_cat-soin-et-bien-etre","9":"product_tag-engros","10":"product_tag-feuille-de-sene-en-poudre-au-kilo","11":"product_tag-grossiste","12":"product_tag-maroc","13":"pa_lot-1-lot-12-sachets-1908e-soit-159e-le-sachet","14":"pa_lot-1-lot-1kg-1099e-soit-1099e-le-kilo","15":"pa_lot-2-lots-24-sachets-3576e-soit-149e-le-sachet","16":"pa_lot-2-lots-2kg-2058e-soit-1029e-le-kilo","17":"pa_lot-3-lots-36-sachets-099e-le-sachet","18":"pa_lot-3-lots-3kg-2997e-soit-999e-le-kilo","20":"first","21":"instock","22":"shipping-taxable","23":"purchasable","24":"product-type-variable"},"_links":{"self":[{"href":"https:\/\/ventesengros.fr\/de\/wp-json\/wp\/v2\/product\/31761","targetHints":{"allow":["GET"]}}],"collection":[{"href":"https:\/\/ventesengros.fr\/de\/wp-json\/wp\/v2\/product"}],"about":[{"href":"https:\/\/ventesengros.fr\/de\/wp-json\/wp\/v2\/types\/product"}],"wp:featuredmedia":[{"embeddable":true,"href":"https:\/\/ventesengros.fr\/de\/wp-json\/wp\/v2\/media\/38014"}],"wp:attachment":[{"href":"https:\/\/ventesengros.fr\/de\/wp-json\/wp\/v2\/media?parent=31761"}],"wp:term":[{"taxonomy":"product_brand","embeddable":true,"href":"https:\/\/ventesengros.fr\/de\/wp-json\/wp\/v2\/product_brand?post=31761"},{"taxonomy":"product_cat","embeddable":true,"href":"https:\/\/ventesengros.fr\/de\/wp-json\/wp\/v2\/product_cat?post=31761"},{"taxonomy":"product_tag","embeddable":true,"href":"https:\/\/ventesengros.fr\/de\/wp-json\/wp\/v2\/product_tag?post=31761"}],"curies":[{"name":"wp","href":"https:\/\/api.w.org\/{rel}","templated":true}]}}