{"id":31653,"date":"2012-05-26T17:52:37","date_gmt":"2012-05-26T16:52:37","guid":{"rendered":"https:\/\/ventesengros.fr\/?post_type=product&#038;p=31653"},"modified":"2025-01-04T15:25:04","modified_gmt":"2025-01-04T14:25:04","slug":"miel-de-daghmous-250g","status":"publish","type":"product","link":"https:\/\/ventesengros.fr\/de\/grossiste\/daghmous-honig-250-g\/","title":{"rendered":"Honig aus Daghmous \u2013 Gl\u00e4ser \u00e0 250 g (8er-Pack)"},"content":{"rendered":"<p>Der Honig von Daghmous 250 g ist ein sehr beliebter nat\u00fcrlicher Nektar, der neben seinem s\u00fc\u00dfen und milden Geschmack auch positive Eigenschaften und Vorteile f\u00fcr unseren K\u00f6rper und unsere Gesundheit sowie einen hohen Gehalt an Kohlenhydraten aufweist.<\/p>\n<h2><strong>Der Honig von Daghmous 250 g, aus einer Vielzahl von Honigsorten:<\/strong><\/h2>\n<p>Es gibt verschiedene Honigsorten. Sie stammen aus verschiedenen Regionen der Welt. Je nach Herkunft unterscheiden sie sich in Geschmack, Aussehen und Aroma, worauf oft auch die Qualit\u00e4t zur\u00fcckzuf\u00fchren ist.<br \/>\nSo gibt es beispielsweise sogenannte \u00absortenreine\u00bb Honige, die im Gegensatz zu \u00abbl\u00fctenreichen\u00bb Honigen, die aus verschiedenen Bl\u00fctenarten gewonnen werden, haupts\u00e4chlich aus einer einzigen Bl\u00fctenart stammen.<\/p>\n<h3><strong>Maghrebinische Herkunft:<\/strong><\/h3>\n<p>Es gibt einen Honig namens \u00abEuphorbia-Honig\u00bb oder traditionell \u00abDaghmous-Honig\u00bb, der aus Marokko stammt. Genauer gesagt aus den Hochebenen des Atlasgebirges, wo er sehr gesch\u00e4tzt wird. Dieser recht seltene Honig stammt von einer Pflanze namens \u00abEuphorbia cacto\u00efde\u00bb oder besser bekannt unter dem Namen <a href=\"https:\/\/www.ferti-nat.com\/produit\/miel-de-daghmous\/\" target=\"_blank\" rel=\"noopener\"><strong>Kaktushonig<\/strong><\/a>.<br \/>\nEr ist sehr rein und wegen seines ausgepr\u00e4gten, subtilen und leicht herben Geschmacks beliebt, dabei aber dennoch angenehm mild und s\u00fc\u00df. Vor allem aber ist er wegen seiner au\u00dfergew\u00f6hnlichen medizinischen Wirkungen sehr begehrt. Daghmous-Honig gilt als st\u00e4rkend und hervorragend bei Halsschmerzen. Er ist auch als einer der wenigen Honigsorten bekannt, die Asthma vollst\u00e4ndig heilen und die Fruchtbarkeit bei Frauen f\u00f6rdern, ebenso wie der <a href=\"https:\/\/manelya.com\/produit\/pollen-de-palmier-fertilite-20g\/\" rel=\"noopener\"><strong>Palmenpollen<\/strong><\/a>.<\/p>\n<h3><strong>Ihre Zufriedenheit ist unsere Priorit\u00e4t:<\/strong><\/h3>\n<p>Honig hat also unglaubliche Eigenschaften. Wir m\u00f6chten Ihnen diese n\u00e4herbringen, da er zu den Lebensmitteln geh\u00f6rt, die im Edlen Koran erw\u00e4hnt werden. Au\u00dferdem wird er in der Sunna unseres Gesandten als Nahrungsmittel und Heilmittel empfohlen. Honig schmeckt nicht nur hervorragend und ist gut f\u00fcr die Gesundheit, sondern wird auch h\u00e4ufig in Kosmetika f\u00fcr K\u00f6rper, Gesicht und Haare verwendet.<br \/>\nWir hoffen, dass Ihnen dieser Honig schmeckt und Sie ihn positiv bewerten werden!<\/p>","protected":false},"excerpt":{"rendered":"<p>Wir bieten Ihnen diesen im Labor analysierten Honig aus Daghmous an \u2013 Gl\u00e4ser \u00e0 250 g. <span style=\"color: #0000ff;\"><b>Verkauft im 8er-Set<\/b><\/span>. <span style=\"color: #000000;\"><strong>Staffelpreis.<\/strong><\/span><\/p>\n<p><b>Preis<span class=\"Apple-converted-space\">\u00a0<\/span>aus dem Honigglas<span class=\"Apple-converted-space\">\u00a0 <\/span>:<\/b>\u00a0<span style=\"color: #ff0000;\"><b>6,29\u20ac<\/b><\/span><\/p>\n<p><span style=\"color: #ff0000;\"><strong>Bei mehr als 3 Paketen w\u00e4hlen Sie bitte die gew\u00fcnschte Menge im Warenkorb aus.<\/strong><\/span><\/p>\n<p>Profitieren Sie von einem Rabatt von 10% bei mehr als 10 Losen (<a href=\"https:\/\/ventesengros.fr\/de\/kontakt\/\"><span style=\"color: #ff0000;\"><strong>Kontaktieren Sie uns<\/strong><\/span><\/a>)<\/p>","protected":false},"featured_media":34448,"template":"","meta":[],"product_brand":[],"product_cat":[206,1515,596,59],"product_tag":[],"class_list":{"0":"post-31653","1":"product","2":"type-product","3":"status-publish","4":"has-post-thumbnail","6":"product_cat-alimentation","7":"product_cat-fertilite","8":"product_cat-miel-alimentation","9":"product_cat-soin-et-bien-etre","10":"pa_lot-1-lot-8-pots-soit-5592e-699e-le-pot","11":"pa_lot-2-lots-16-pots-soit-10544e-659e-le-pot","12":"pa_lot-3-lots-24-pots-soit-15096e-629e-le-pot","14":"first","15":"instock","16":"featured","17":"shipping-taxable","18":"purchasable","19":"product-type-variable"},"_links":{"self":[{"href":"https:\/\/ventesengros.fr\/de\/wp-json\/wp\/v2\/product\/31653","targetHints":{"allow":["GET"]}}],"collection":[{"href":"https:\/\/ventesengros.fr\/de\/wp-json\/wp\/v2\/product"}],"about":[{"href":"https:\/\/ventesengros.fr\/de\/wp-json\/wp\/v2\/types\/product"}],"wp:featuredmedia":[{"embeddable":true,"href":"https:\/\/ventesengros.fr\/de\/wp-json\/wp\/v2\/media\/34448"}],"wp:attachment":[{"href":"https:\/\/ventesengros.fr\/de\/wp-json\/wp\/v2\/media?parent=31653"}],"wp:term":[{"taxonomy":"product_brand","embeddable":true,"href":"https:\/\/ventesengros.fr\/de\/wp-json\/wp\/v2\/product_brand?post=31653"},{"taxonomy":"product_cat","embeddable":true,"href":"https:\/\/ventesengros.fr\/de\/wp-json\/wp\/v2\/product_cat?post=31653"},{"taxonomy":"product_tag","embeddable":true,"href":"https:\/\/ventesengros.fr\/de\/wp-json\/wp\/v2\/product_tag?post=31653"}],"curies":[{"name":"wp","href":"https:\/\/api.w.org\/{rel}","templated":true}]}}