{"id":31388,"date":"2015-04-20T09:09:04","date_gmt":"2015-04-20T08:09:04","guid":{"rendered":"https:\/\/ventesengros.fr\/?post_type=product&#038;p=31388"},"modified":"2022-12-01T08:52:22","modified_gmt":"2022-12-01T07:52:22","slug":"encensoir-electrique","status":"publish","type":"product","link":"https:\/\/ventesengros.fr\/de\/grossiste\/elektrisches-rauchergefas\/","title":{"rendered":"Elektrisches R\u00e4uchergef\u00e4\u00df 16,7 cm x 12 cm"},"content":{"rendered":"","protected":false},"excerpt":{"rendered":"<div class=\"woocommerce-product-details__short-description\">\n<p>Wir bieten Ihnen diese<strong>\u00a0Kleines R\u00e4uchergef\u00e4\u00df <\/strong>\u00a0Verkauft im 12er-Pack. St\u00fcckpreis 7,90 \u20ac \/ St\u00fcck.<\/p>\n<\/div>\n<p>1 Los: <span style=\"color: #0ad227;\">7,90 \u20ac \/ St\u00fcck x 12 = 94,80 \u20ac<\/span><\/p>","protected":false},"featured_media":33062,"template":"","meta":[],"product_brand":[],"product_cat":[60,207],"product_tag":[258,1066,974,688],"class_list":{"0":"post-31388","1":"product","2":"type-product","3":"status-publish","4":"has-post-thumbnail","6":"product_cat-bazar","7":"product_cat-encensoires","8":"product_tag-en-gros","9":"product_tag-encensoir-electrique-167cm","10":"product_tag-grossiste","11":"product_tag-maroc","12":"pa_lot-158","13":"pa_lot-2-lots-economisez-960-euros","14":"pa_lot-3-lots-economisez-36-euros","16":"first","17":"instock","18":"shipping-taxable","19":"purchasable","20":"product-type-simple"},"_links":{"self":[{"href":"https:\/\/ventesengros.fr\/de\/wp-json\/wp\/v2\/product\/31388","targetHints":{"allow":["GET"]}}],"collection":[{"href":"https:\/\/ventesengros.fr\/de\/wp-json\/wp\/v2\/product"}],"about":[{"href":"https:\/\/ventesengros.fr\/de\/wp-json\/wp\/v2\/types\/product"}],"wp:featuredmedia":[{"embeddable":true,"href":"https:\/\/ventesengros.fr\/de\/wp-json\/wp\/v2\/media\/33062"}],"wp:attachment":[{"href":"https:\/\/ventesengros.fr\/de\/wp-json\/wp\/v2\/media?parent=31388"}],"wp:term":[{"taxonomy":"product_brand","embeddable":true,"href":"https:\/\/ventesengros.fr\/de\/wp-json\/wp\/v2\/product_brand?post=31388"},{"taxonomy":"product_cat","embeddable":true,"href":"https:\/\/ventesengros.fr\/de\/wp-json\/wp\/v2\/product_cat?post=31388"},{"taxonomy":"product_tag","embeddable":true,"href":"https:\/\/ventesengros.fr\/de\/wp-json\/wp\/v2\/product_tag?post=31388"}],"curies":[{"name":"wp","href":"https:\/\/api.w.org\/{rel}","templated":true}]}}