{"id":31360,"date":"2012-01-17T09:27:35","date_gmt":"2012-01-17T08:27:35","guid":{"rendered":"https:\/\/ventesengros.fr\/?post_type=product&#038;p=31360"},"modified":"2025-11-09T10:54:37","modified_gmt":"2025-11-09T09:54:37","slug":"costus-indien-1kg","status":"publish","type":"product","link":"https:\/\/ventesengros.fr\/de\/grossiste\/indischer-kostus-1-kg\/","title":{"rendered":"Indisches Costuswurzelpulver (pro Kilogramm oder in 20-g-Beuteln)"},"content":{"rendered":"<p>Das aus der Region Kaschmir in den H\u00f6henlagen Indiens und Pakistans stammende indische Costuspulver aus Marokko ist ein Allheilmittel in Form von Arakholz. Es wird anschlie\u00dfend in Pulverform oder als \u00d6l verkauft.<\/p>\n<h2><b>Indisches Costuswurzelpulver: Eine wundersame Zutat f\u00fcr die Gesundheit<\/b><\/h2>\n<p>Die Verwendung von indischem Costus ist seit Jahrhunderten auf dem indischen Subkontinent und in den arabischen L\u00e4ndern weit verbreitet. Schon die \u00c4rzte der damaligen Zeit kannten die Heilkr\u00e4fte dieser krautigen Pflanze. Im Mittelalter und zur Zeit der Kreuzz\u00fcge wandten die Menschen Aderlass und <a href=\"https:\/\/natureluxy-shop.com\/collections\/costus-marin\" target=\"_blank\" rel=\"noopener noreferrer\"><strong>Matrosenanzug<\/strong><\/a> zur Linderung von Krankheiten und zur Ausrottung bestimmter Pathologien.<\/p>\n<p><span class=\"Apple-converted-space\">\u00a0<\/span>Als Naturheilmittel wurde der Meereskostus auf verschiedene Weise verwendet. Zun\u00e4chst wurde er durch die Nasenl\u00f6cher eingeatmet, um Halsschmerzen und Atemwegsbeschwerden zu lindern. Au\u00dferdem pflegten die Menschen in fr\u00fcheren Zeiten ihn im Mundwinkel zu konsumieren, um Abszesse zu beruhigen.<\/p>\n<p>Menschen mit Kopfschmerzen konnten indischen Costus einatmen, indem sie ihn mit Wasser vermischten und in Form von Tr\u00f6pfchen inhalierten.<span class=\"Apple-converted-space\">\u00a0<\/span><\/p>\n<p><span class=\"Apple-converted-space\">\u00a0<\/span>Dar\u00fcber hinaus wurde dieselbe Praxis zur Linderung von Mandelschwellungen beobachtet.<\/p>\n<h3><b>In der orientalischen Kultur erw\u00e4hnte Heilmittel aus Marokko<\/b><\/h3>\n<p>Abgesehen von den oben genannten Beschwerden st\u00e4rkt indisches Costus-Pulver den Organismus. Es ist als nat\u00fcrliches Heilmittel f\u00fcr das Wohlbefinden bekannt. In Pulverform und mit Honig vermischt, beugt es zahlreichen Krankheiten vor.<\/p>\n<p><span class=\"Apple-converted-space\">\u00a0<\/span>Zu den positiven Wirkungen des indischen Costus aus Marokko z\u00e4hlen unter anderem folgende Aussagen:<\/p>\n<ul>\n<li>Es lindert Regelbeschwerden und erleichtert den Menstruationsfluss.<\/li>\n<li>T\u00f6tet W\u00fcrmer ab und beseitigt Keime im Darm<\/li>\n<li>Bek\u00e4mpft Fieber und vertreibt Giftstoffe.<\/li>\n<li>Wirkt als Aphrodisiakum, indem es das sexuelle Verlangen steigert, ebenso wie die <a href=\"https:\/\/www.ma-fertilite.com\/produit\/gelules-de-gingembre\" target=\"_blank\" rel=\"noopener noreferrer\"><strong>Ingwer-Kapsel<\/strong><\/a> !<\/li>\n<\/ul>\n<p>So kommt der seit Jahrhunderten im Orient verwendete indische Costus wieder auf den Tisch.<span class=\"Apple-converted-space\">\u00a0<\/span><\/p>\n<p>Sie finden ihn in unserem <a href=\"https:\/\/ventesengros.fr\/de\/\"><strong>marokkanischer Laden<\/strong><\/a> Verkauft in 1-Kilo-Beuteln.<\/p>\n<p>Foto unverbindlich<\/p>\n<p>Alle unsere Produkte sind als White-Label-Produkte erh\u00e4ltlich (<a href=\"https:\/\/ventesengros.fr\/de\/kontakt\/\"><strong>auf Anfrage<\/strong><\/a>)<\/p>\n<p>Staffelpreis ab 10 St\u00fcck: 10% Rabatt (<a href=\"https:\/\/ventesengros.fr\/de\/kontakt\/\"><strong>auf Kostenvoranschlag<\/strong><\/a>)<\/p>","protected":false},"excerpt":{"rendered":"<p>Wir bieten Ihnen indisches Costuswurzelpulver an.\u00a0<span style=\"color: #0000ff;\"><strong>Verkauft pro Kilogramm oder in 20-g-Beuteln im 12er-Pack<\/strong><\/span>. <span style=\"color: #000000;\"><strong>Staffelpreis.\u00a0<\/strong><\/span><\/p>\n<p><b>Preis pro Kilogramm:<\/b>\u00a0<span style=\"color: #ff0000;\"><strong>28,99\u20ac<\/strong><\/span><\/p>\n<p><b>Preis pro Beutel<span class=\"Apple-converted-space\">\u00a0<\/span>:<\/b>\u00a0<strong><span style=\"color: #ff0000;\">0,99\u20ac<\/span><\/strong><\/p>\n<p><span style=\"color: #ff0000;\"><b>Bei mehr als 3 Paketen w\u00e4hlen Sie bitte die gew\u00fcnschte Menge im Warenkorb aus.<\/b><\/span><\/p>\n<p>Profitieren Sie von einem Rabatt von 10% bei mehr als 10 Losen (<span style=\"color: #ff0000;\"><a style=\"color: #ff0000;\" href=\"https:\/\/ventesengros.fr\/de\/kontakt\/\"><strong>Kontaktieren Sie uns<\/strong><\/a><\/span>).<\/p>","protected":false},"featured_media":37871,"template":"","meta":[],"product_brand":[],"product_cat":[60,239,360],"product_tag":[802,258,780],"class_list":{"0":"post-31360","1":"product","2":"type-product","3":"status-publish","4":"has-post-thumbnail","6":"product_cat-bazar","7":"product_cat-costus-indien","8":"product_cat-produit-naturel-en-vrac","9":"product_tag-costus-indien-1kg","10":"product_tag-en-gros","11":"product_tag-grossiste-maroc","12":"pa_lot-1-lot-12-sachets-129e-le-sachet","13":"pa_lot-1-lot-1kg-2999e-le-kilo","14":"pa_lot-2-lots-24-sachets-119e-le-sachet","15":"pa_lot-2-lots-2kg-2949e-le-kilo","16":"pa_lot-3-lots-36-sachets-099e-le-sachet","17":"pa_lot-3-lots-3kg-2899e-le-kilo","19":"first","20":"instock","21":"featured","22":"shipping-taxable","23":"purchasable","24":"product-type-variable"},"_links":{"self":[{"href":"https:\/\/ventesengros.fr\/de\/wp-json\/wp\/v2\/product\/31360","targetHints":{"allow":["GET"]}}],"collection":[{"href":"https:\/\/ventesengros.fr\/de\/wp-json\/wp\/v2\/product"}],"about":[{"href":"https:\/\/ventesengros.fr\/de\/wp-json\/wp\/v2\/types\/product"}],"wp:featuredmedia":[{"embeddable":true,"href":"https:\/\/ventesengros.fr\/de\/wp-json\/wp\/v2\/media\/37871"}],"wp:attachment":[{"href":"https:\/\/ventesengros.fr\/de\/wp-json\/wp\/v2\/media?parent=31360"}],"wp:term":[{"taxonomy":"product_brand","embeddable":true,"href":"https:\/\/ventesengros.fr\/de\/wp-json\/wp\/v2\/product_brand?post=31360"},{"taxonomy":"product_cat","embeddable":true,"href":"https:\/\/ventesengros.fr\/de\/wp-json\/wp\/v2\/product_cat?post=31360"},{"taxonomy":"product_tag","embeddable":true,"href":"https:\/\/ventesengros.fr\/de\/wp-json\/wp\/v2\/product_tag?post=31360"}],"curies":[{"name":"wp","href":"https:\/\/api.w.org\/{rel}","templated":true}]}}