{"id":31313,"date":"2015-01-13T16:05:23","date_gmt":"2015-01-13T15:05:23","guid":{"rendered":"https:\/\/ventesengros.fr\/?post_type=product&#038;p=31313"},"modified":"2025-09-26T19:05:15","modified_gmt":"2025-09-26T18:05:15","slug":"huile-damandes-douces-60ml-plantil","status":"publish","type":"product","link":"https:\/\/ventesengros.fr\/de\/grossiste\/susmandelol-60-ml-plantil\/","title":{"rendered":"S\u00fc\u00dfmandel\u00f6l 60 ml x 12"},"content":{"rendered":"<p><strong>Verwendung:<\/strong>\u00a0Nur f\u00fcr kosmetische Zwecke<\/p>\n<h5><b>Fassungsverm\u00f6gen:<\/b>60 ml<br \/>\n<b><\/b><\/h5>\n<p><b>Marke:<\/b>\u00a0\u00a0Plantil<\/p>\n<p><b>Herkunft:<\/b>Marokko<\/p>\n<p><b>Gewicht:<\/b>142 g\/St\u00fcck<\/p>","protected":false},"excerpt":{"rendered":"<p>Wir bieten Ihnen diese\u00a0<strong>S\u00fc\u00dfmandel\u00f6l  60 ml PLANTIL<\/strong><strong>\u00a0<\/strong>Verkauft im 12er-Pack.<\/p>\n<p>Empfohlener Verkaufspreis: 4,90-5,90 Euro.<\/p>\n<p>1 Set: 2<span style=\"color: #0ad227;\">,0,55 \u20ac \/ St\u00fcck x 12 = 30,60 \u20ac<\/span><\/p>","protected":false},"featured_media":75981,"template":"","meta":[],"product_brand":[],"product_cat":[201,327,59],"product_tag":[258,974,785,688],"class_list":{"0":"post-31313","1":"product","2":"type-product","3":"status-publish","4":"has-post-thumbnail","6":"product_cat-huiles-soin-et-bien-etre","7":"product_cat-huile-plantil-60ml","8":"product_cat-soin-et-bien-etre","9":"product_tag-en-gros","10":"product_tag-grossiste","11":"product_tag-huile-damandes-douces-60ml-plantil","12":"product_tag-maroc","14":"first","15":"instock","16":"shipping-taxable","17":"purchasable","18":"product-type-simple"},"_links":{"self":[{"href":"https:\/\/ventesengros.fr\/de\/wp-json\/wp\/v2\/product\/31313","targetHints":{"allow":["GET"]}}],"collection":[{"href":"https:\/\/ventesengros.fr\/de\/wp-json\/wp\/v2\/product"}],"about":[{"href":"https:\/\/ventesengros.fr\/de\/wp-json\/wp\/v2\/types\/product"}],"wp:featuredmedia":[{"embeddable":true,"href":"https:\/\/ventesengros.fr\/de\/wp-json\/wp\/v2\/media\/75981"}],"wp:attachment":[{"href":"https:\/\/ventesengros.fr\/de\/wp-json\/wp\/v2\/media?parent=31313"}],"wp:term":[{"taxonomy":"product_brand","embeddable":true,"href":"https:\/\/ventesengros.fr\/de\/wp-json\/wp\/v2\/product_brand?post=31313"},{"taxonomy":"product_cat","embeddable":true,"href":"https:\/\/ventesengros.fr\/de\/wp-json\/wp\/v2\/product_cat?post=31313"},{"taxonomy":"product_tag","embeddable":true,"href":"https:\/\/ventesengros.fr\/de\/wp-json\/wp\/v2\/product_tag?post=31313"}],"curies":[{"name":"wp","href":"https:\/\/api.w.org\/{rel}","templated":true}]}}