{"id":31291,"date":"2015-01-10T15:50:18","date_gmt":"2015-01-10T14:50:18","guid":{"rendered":"https:\/\/ventesengros.fr\/?post_type=product&#038;p=31291"},"modified":"2022-06-30T23:25:59","modified_gmt":"2022-06-30T22:25:59","slug":"dentifrice-poudre-menthe-hervital","status":"publish","type":"product","link":"https:\/\/ventesengros.fr\/de\/grossiste\/zahnpulver-minze-hervital\/","title":{"rendered":"Zahnpulver Minze HERVITAL X 12"},"content":{"rendered":"<p><strong>Eigenschaften:\u00a0<em>mit frischer Minze\u00a0\u00a0<\/em>erfrischt\u00a0<\/strong>und sorgt f\u00fcr einen frischen Atem. Dank seiner Beschaffenheit hilft es, gelbe Verf\u00e4rbungen durch  Farbstoffe und schwarze Flecken durch Nikotin bei Rauchern zu entfernen. Es sorgt f\u00fcr eine gr\u00fcndliche Zahnreinigung und macht die Z\u00e4hne au\u00dfergew\u00f6hnlich sauber .<\/p>\n<p><strong>Verwendung:\u00a0<\/strong>Sch\u00fctteln Sie Ihre Puderdose vor dem \u00d6ffnen kr\u00e4ftig. Befeuchten Sie Ihre Zahnb\u00fcrste leicht und tupfen Sie dann den Puder auf. Schlie\u00dfen Sie Ihre Puderdose sofort wieder, um die Frische des Produkts zu bewahren, und putzen Sie dann Ihre Z\u00e4hne gem\u00e4\u00df den \u00fcblichen Empfehlungen Ihres Zahnarztes.<\/p>\n<p><b>Marke:<\/b>\u00a0\u00a0Hervital<\/p>\n<p><b>Gewicht:<\/b>50 g\/St\u00fcck<\/p>","protected":false},"excerpt":{"rendered":"<p>Wir bieten Ihnen Folgendes an <strong>Zahnpulver mit frischer Minze<\/strong><strong>\u00a0<\/strong>Verkauft im 12er-Pack.<\/p>\n<p>1 Los:\u00a0<span style=\"color: #0ad227;\">1,45 \u20ac \/ St\u00fcck x 12 = 17,40 \u20ac<\/span><\/p>","protected":false},"featured_media":31292,"template":"","meta":[],"product_brand":[],"product_cat":[59,297],"product_tag":[781,258,974,688],"class_list":{"0":"post-31291","1":"product","2":"type-product","3":"status-publish","4":"has-post-thumbnail","6":"product_cat-soin-et-bien-etre","7":"product_cat-siwak-siwakdentifrice","8":"product_tag-dentifrice-poudre-menthe-hervital","9":"product_tag-en-gros","10":"product_tag-grossiste","11":"product_tag-maroc","13":"first","14":"instock","15":"shipping-taxable","16":"purchasable","17":"product-type-simple"},"_links":{"self":[{"href":"https:\/\/ventesengros.fr\/de\/wp-json\/wp\/v2\/product\/31291","targetHints":{"allow":["GET"]}}],"collection":[{"href":"https:\/\/ventesengros.fr\/de\/wp-json\/wp\/v2\/product"}],"about":[{"href":"https:\/\/ventesengros.fr\/de\/wp-json\/wp\/v2\/types\/product"}],"wp:featuredmedia":[{"embeddable":true,"href":"https:\/\/ventesengros.fr\/de\/wp-json\/wp\/v2\/media\/31292"}],"wp:attachment":[{"href":"https:\/\/ventesengros.fr\/de\/wp-json\/wp\/v2\/media?parent=31291"}],"wp:term":[{"taxonomy":"product_brand","embeddable":true,"href":"https:\/\/ventesengros.fr\/de\/wp-json\/wp\/v2\/product_brand?post=31291"},{"taxonomy":"product_cat","embeddable":true,"href":"https:\/\/ventesengros.fr\/de\/wp-json\/wp\/v2\/product_cat?post=31291"},{"taxonomy":"product_tag","embeddable":true,"href":"https:\/\/ventesengros.fr\/de\/wp-json\/wp\/v2\/product_tag?post=31291"}],"curies":[{"name":"wp","href":"https:\/\/api.w.org\/{rel}","templated":true}]}}