{"id":31221,"date":"2015-09-01T08:00:29","date_gmt":"2015-09-01T07:00:29","guid":{"rendered":"https:\/\/ventesengros.fr\/?post_type=product&#038;p=31221"},"modified":"2023-05-22T15:30:30","modified_gmt":"2023-05-22T14:30:30","slug":"ventouses-pour-hijama-2-3cm","status":"publish","type":"product","link":"https:\/\/ventesengros.fr\/de\/grossiste\/saugnapfe-fur-hijama-2-3-cm\/","title":{"rendered":"Hijama-Saugn\u00e4pfe 2,3 cm (100er-Pack)"},"content":{"rendered":"<p>Saugn\u00e4pfe f\u00fcr Hijama 2,3 cm<\/p>\n<p>&nbsp;<\/p>\n<p><strong>Die Hijama<\/strong> ist eine sehr alte Heilkunst, die weltweit f\u00fcr ihre hohe Wirksamkeit und ihre enormen Vorteile f\u00fcr den K\u00f6rper anerkannt ist. Diese <strong>alte Heilmethode<\/strong> wurde seit sehr langer Zeit in der traditionellen chinesischen Medizin, im alten \u00c4gypten, aber auch in der prophetischen Medizin praktiziert. Sie ist daher eine <strong>Sehr empfehlenswert<\/strong> denn der Prophet (sala Allahu 3aleyhi wa salam) hat es selbst praktiziert und dessen Vorz\u00fcge gepriesen, indem er die muslimische Gemeinschaft dazu ermutigte, es ebenfalls zu praktizieren.<\/p>\n<p>Ihr <strong>Online-Gro\u00dfh\u00e4ndler<\/strong> <strong>Orient Gro\u00dfh\u00e4ndler<\/strong> vom <strong>Marokko<\/strong> bietet Ihnen an der <strong>Gro\u00dfhandel<\/strong> von <strong>Saugn\u00e4pfe f\u00fcr Hijama 2,3 cm<\/strong> verkauft von <strong>100er-Pack<\/strong> zu 45 \u20ac pro St\u00fcck, d. h. 0,45 \u20ac pro Einheit .<\/p>\n<p>Die Gr\u00f6\u00dfe der Saugn\u00e4pfe h\u00e4ngt davon ab, an welcher Stelle des K\u00f6rpers die <strong>Hijama <\/strong>muss durchgef\u00fchrt werden; denn mit <strong>2 cm gro\u00dfe Schr\u00f6pfgl\u00e4ser f\u00fcr Hijama<\/strong> Durchmesser k\u00f6nnen Bereiche wie der Nacken, der Sch\u00e4del und andere K\u00f6rperstellen behandelt werden, an denen die Verwendung kleiner Schr\u00f6pfgl\u00e4ser unbedingt erforderlich ist.<\/p>\n<p>Hijama hilft bei der Behandlung zahlreicher Beschwerden wie R\u00fcckenschmerzen, Menstruationsbeschwerden, L\u00e4hmungen, H\u00e4morrhoiden, Magen- und Darmgeschw\u00fcren, Schl\u00e4frigkeit, Fettleibigkeit, Untergewicht, Unfruchtbarkeit und vielen anderen Krankheiten.<\/p>\n<p>Man muss wissen, dass Hijama eine medizinische Behandlung und somit eine Wissenschaft ist, die von kompetenten Personen durchgef\u00fchrt werden muss.<\/p>\n<p>Was die Sunna f\u00fcr die Durchf\u00fchrung der Hijama betrifft, gibt es mehrere Regeln, die man kennen sollte, um sie bestm\u00f6glich und gem\u00e4\u00df den Empfehlungen des Propheten selbst durchzuf\u00fchren und so die besten Ergebnisse zu erzielen.<\/p>\n<p>F\u00fcr weitere Informationen zu <strong>Saugglocken f\u00fcr Hijama <\/strong>von Orient Grossiste, wenden Sie sich bitte an unseren Kundenservice.<\/p>\n<p><strong>Innendurchmesser:<\/strong>\u00a02,3 cm<\/p>","protected":false},"excerpt":{"rendered":"<p>Wir bieten Ihnen diese\u00a0<strong>Saugnapf f\u00fcr Hijama 2,3 cm \u00a0<\/strong>Verkauft in 100er-Packungen.<\/p>\n<p>Empfohlener Verkaufspreis 1,50 Euro.<\/p>\n<p>1 Los:\u00a0<span style=\"color: #0ad227;\">0,35 \u20ac \/ St\u00fcck x 100 = 35 \u20ac<\/span><\/p>","protected":false},"featured_media":34477,"template":"","meta":[],"product_brand":[],"product_cat":[60,234],"product_tag":[258,974,688,875,753],"class_list":{"0":"post-31221","1":"product","2":"type-product","3":"status-publish","4":"has-post-thumbnail","6":"product_cat-bazar","7":"product_cat-kit-hijama","8":"product_tag-en-gros","9":"product_tag-grossiste","10":"product_tag-maroc","11":"product_tag-ventouses-pour-hijama-2-3cm","12":"product_tag-ventouses-pour-hijama-2cm","14":"first","15":"instock","16":"shipping-taxable","17":"purchasable","18":"product-type-simple"},"_links":{"self":[{"href":"https:\/\/ventesengros.fr\/de\/wp-json\/wp\/v2\/product\/31221","targetHints":{"allow":["GET"]}}],"collection":[{"href":"https:\/\/ventesengros.fr\/de\/wp-json\/wp\/v2\/product"}],"about":[{"href":"https:\/\/ventesengros.fr\/de\/wp-json\/wp\/v2\/types\/product"}],"wp:featuredmedia":[{"embeddable":true,"href":"https:\/\/ventesengros.fr\/de\/wp-json\/wp\/v2\/media\/34477"}],"wp:attachment":[{"href":"https:\/\/ventesengros.fr\/de\/wp-json\/wp\/v2\/media?parent=31221"}],"wp:term":[{"taxonomy":"product_brand","embeddable":true,"href":"https:\/\/ventesengros.fr\/de\/wp-json\/wp\/v2\/product_brand?post=31221"},{"taxonomy":"product_cat","embeddable":true,"href":"https:\/\/ventesengros.fr\/de\/wp-json\/wp\/v2\/product_cat?post=31221"},{"taxonomy":"product_tag","embeddable":true,"href":"https:\/\/ventesengros.fr\/de\/wp-json\/wp\/v2\/product_tag?post=31221"}],"curies":[{"name":"wp","href":"https:\/\/api.w.org\/{rel}","templated":true}]}}