{"id":3121,"date":"2014-05-17T15:21:20","date_gmt":"2014-05-17T14:21:20","guid":{"rendered":"http:\/\/pietra-communication.com\/ventesengros.fr\/?post_type=product&#038;p=3121"},"modified":"2023-03-25T14:58:04","modified_gmt":"2023-03-25T13:58:04","slug":"shampoing-a-lhuile-de-cade-250ml","status":"publish","type":"product","link":"https:\/\/ventesengros.fr\/de\/grossiste\/shampoo-mit-cadeol-250-ml-2\/","title":{"rendered":"Shampoo mit Cade-\u00d6l 250 ml x 12"},"content":{"rendered":"<p><strong>Eigentum:<\/strong><\/p>\n<p>Pflegendes Shampoo auf Basis von Cade-\u00d6l, das f\u00fcr seine hervorragenden Eigenschaften in der Haarpflege und Kopfhautpflege bekannt ist. Es bek\u00e4mpft Schuppen, beseitigt sie und reinigt die Kopfhaut. Es verleiht dem Haar Gesundheit und Glanz.<\/p>\n<p>&nbsp;<\/p>\n<p><b>Fassungsverm\u00f6gen:<\/b>\u00a030 ml<br \/>\n<b><\/b><\/p>\n<p><b>Marke:<\/b>\u00a0Hurra!<\/p>\n<p><b>Herkunft:<\/b>Marokko<\/p>\n<p><b>Gewicht:<\/b>30 g<\/p>","protected":false},"excerpt":{"rendered":"<p>Wir bieten Ihnen Folgendes an\u00a0<strong>Shampoo mit Cade-\u00d6l 250 ml<\/strong><strong>\u00a0<\/strong>Verkauft im 12er-Pack.<\/p>\n<p>Empfohlener Verkaufspreis: 5,00-5,90 Euro.<\/p>\n<p>1 Los:\u00a0<span style=\"color: #0ad227;\">1,50 \u20ac \/ St\u00fcck x 12 = 18 Euro<\/span><\/p>\n<p>&nbsp;<\/p>\n<p>&nbsp;<\/p>\n<p style=\"text-align: center;\">","protected":false},"featured_media":28864,"template":"","meta":[],"product_brand":[],"product_cat":[59],"product_tag":[175,123,174,134],"class_list":{"0":"post-3121","1":"product","2":"type-product","3":"status-publish","4":"has-post-thumbnail","6":"product_cat-soin-et-bien-etre","7":"product_tag-250ml","8":"product_tag-cade","9":"product_tag-lhuile","10":"product_tag-shampoing","11":"pa_lot-158","12":"pa_lot-160","13":"pa_lot-159","15":"first","16":"instock","17":"shipping-taxable","18":"purchasable","19":"product-type-simple"},"_links":{"self":[{"href":"https:\/\/ventesengros.fr\/de\/wp-json\/wp\/v2\/product\/3121","targetHints":{"allow":["GET"]}}],"collection":[{"href":"https:\/\/ventesengros.fr\/de\/wp-json\/wp\/v2\/product"}],"about":[{"href":"https:\/\/ventesengros.fr\/de\/wp-json\/wp\/v2\/types\/product"}],"wp:featuredmedia":[{"embeddable":true,"href":"https:\/\/ventesengros.fr\/de\/wp-json\/wp\/v2\/media\/28864"}],"wp:attachment":[{"href":"https:\/\/ventesengros.fr\/de\/wp-json\/wp\/v2\/media?parent=3121"}],"wp:term":[{"taxonomy":"product_brand","embeddable":true,"href":"https:\/\/ventesengros.fr\/de\/wp-json\/wp\/v2\/product_brand?post=3121"},{"taxonomy":"product_cat","embeddable":true,"href":"https:\/\/ventesengros.fr\/de\/wp-json\/wp\/v2\/product_cat?post=3121"},{"taxonomy":"product_tag","embeddable":true,"href":"https:\/\/ventesengros.fr\/de\/wp-json\/wp\/v2\/product_tag?post=3121"}],"curies":[{"name":"wp","href":"https:\/\/api.w.org\/{rel}","templated":true}]}}