{"id":3059,"date":"2014-07-10T08:12:39","date_gmt":"2014-07-10T07:12:39","guid":{"rendered":"http:\/\/pietra-communication.com\/ventesengros.fr\/?post_type=product&#038;p=3059"},"modified":"2022-06-30T23:28:23","modified_gmt":"2022-06-30T22:28:23","slug":"creme-capillaire-dail-vatika","status":"publish","type":"product","link":"https:\/\/ventesengros.fr\/de\/grossiste\/haarcreme-dail-vatika\/","title":{"rendered":"VATIKA Knoblauch-Haarcreme X 12"},"content":{"rendered":"<p><strong>Eigentum:<\/strong><\/p>\n<p>Seit jeher ist Knoblauch daf\u00fcr bekannt, das nat\u00fcrliche Haarwachstum zu f\u00f6rdern. Knoblauch ist reich an Mineralien und Vitaminen, die sowohl f\u00fcr die Kopfhaut als auch f\u00fcr gesundes Haar unerl\u00e4sslich sind. Diese Maske wurde wissenschaftlich entwickelt, um diese Wirkung zu erzielen.<br \/>\nEs handelt sich um eine Pflegecreme, die zusammen mit anderen Inhaltsstoffen die Haarstr\u00e4hnen st\u00e4rkt, um Haarbruch zu verhindern.<\/p>\n<div id=\":9n.co\" class=\"tL8wMe xAWnQc\" dir=\"ltr\"><b>Fassungsverm\u00f6gen:<\/b>500 ml<\/div>\n<div class=\"tL8wMe xAWnQc\" dir=\"ltr\"><b>Marke:<\/b>\u00a0\u00a0Vatika<br \/>\n<b><b>Herkunft:<\/b><\/b>Marokko<b><b><br \/>\n<\/b><\/b><b>Gewicht:<\/b>550 g\/St\u00fcck<\/div>","protected":false},"excerpt":{"rendered":"<p>Wir bieten Ihnen diese<strong>\u00a0VATIKA Knoblauch-Haarcreme 500 ml\u00a0<\/strong>Verkauft im 12er-Pack.<\/p>\n<p>Empfohlener Verkaufspreis: 12,50 Euro.<\/p>\n<p>1 Los:\u00a0<span style=\"color: #0ad227;\">4,09 \u20ac \/ St\u00fcck x 12 = 49,08 \u20ac<\/span><\/p>\n<p style=\"text-align: center;\">","protected":false},"featured_media":30257,"template":"","meta":[],"product_brand":[],"product_cat":[59],"product_tag":[163,132,109,299],"class_list":{"0":"post-3059","1":"product","2":"type-product","3":"status-publish","4":"has-post-thumbnail","6":"product_cat-soin-et-bien-etre","7":"product_tag-capillaire","8":"product_tag-creme","9":"product_tag-dail","10":"product_tag-vatika","11":"pa_lot-158","12":"pa_lot-160","13":"pa_lot-159","15":"first","16":"instock","17":"featured","18":"shipping-taxable","19":"purchasable","20":"product-type-simple"},"_links":{"self":[{"href":"https:\/\/ventesengros.fr\/de\/wp-json\/wp\/v2\/product\/3059","targetHints":{"allow":["GET"]}}],"collection":[{"href":"https:\/\/ventesengros.fr\/de\/wp-json\/wp\/v2\/product"}],"about":[{"href":"https:\/\/ventesengros.fr\/de\/wp-json\/wp\/v2\/types\/product"}],"wp:featuredmedia":[{"embeddable":true,"href":"https:\/\/ventesengros.fr\/de\/wp-json\/wp\/v2\/media\/30257"}],"wp:attachment":[{"href":"https:\/\/ventesengros.fr\/de\/wp-json\/wp\/v2\/media?parent=3059"}],"wp:term":[{"taxonomy":"product_brand","embeddable":true,"href":"https:\/\/ventesengros.fr\/de\/wp-json\/wp\/v2\/product_brand?post=3059"},{"taxonomy":"product_cat","embeddable":true,"href":"https:\/\/ventesengros.fr\/de\/wp-json\/wp\/v2\/product_cat?post=3059"},{"taxonomy":"product_tag","embeddable":true,"href":"https:\/\/ventesengros.fr\/de\/wp-json\/wp\/v2\/product_tag?post=3059"}],"curies":[{"name":"wp","href":"https:\/\/api.w.org\/{rel}","templated":true}]}}