{"id":29823,"date":"2016-01-23T10:07:23","date_gmt":"2016-01-23T09:07:23","guid":{"rendered":"http:\/\/pietra-communication.com\/ventesengros.fr\/?post_type=product&#038;p=29823"},"modified":"2022-06-30T23:13:18","modified_gmt":"2022-06-30T22:13:18","slug":"encensoirs-petit-format","status":"publish","type":"product","link":"https:\/\/ventesengros.fr\/de\/grossiste\/kleine-weihrauchfasser\/","title":{"rendered":"R\u00e4uchergef\u00e4\u00df H\u00f6he 12,8 cm (12er-Set)"},"content":{"rendered":"<p><strong>Eigentum:<\/strong><\/p>\n<p>Nicht elektrisches R\u00e4uchergef\u00e4\u00df mit einer H\u00f6he von ca. 12,8 cm, das \u00fcberall in Ihrem Zuhause aufgestellt werden kann. Es verf\u00fcgt \u00fcber einen Deckel.<\/p>\n<p>&nbsp;<\/p>","protected":false},"excerpt":{"rendered":"<p>Wir bieten Ihnen diese<strong>\u00a0Kleines R\u00e4uchergef\u00e4\u00df <\/strong>\u00a0Verkauft im 12er-Pack.<\/p>\n<p><strong>St\u00fcckpreis <span style=\"color: #ff0000;\">7,90 \u20ac \/ St\u00fcck<\/span>.<\/strong><\/p>\n<p>1 Los: <span style=\"color: #0ad227;\">7,90 \u20ac \/ St\u00fcck x 12 = 94,80 \u20ac<\/span><\/p>","protected":false},"featured_media":33566,"template":"","meta":[],"product_brand":[],"product_cat":[60,207],"product_tag":[651,258,129,974],"class_list":{"0":"post-29823","1":"product","2":"type-product","3":"status-publish","4":"has-post-thumbnail","6":"product_cat-bazar","7":"product_cat-encensoires","8":"product_tag-charbon","9":"product_tag-en-gros","10":"product_tag-encensoirs","11":"product_tag-grossiste","12":"pa_lot-158","13":"pa_lot-2-lots-economisez-960-euros","14":"pa_lot-3-lots-economisez-36-euros","16":"first","17":"instock","18":"shipping-taxable","19":"purchasable","20":"product-type-simple"},"_links":{"self":[{"href":"https:\/\/ventesengros.fr\/de\/wp-json\/wp\/v2\/product\/29823","targetHints":{"allow":["GET"]}}],"collection":[{"href":"https:\/\/ventesengros.fr\/de\/wp-json\/wp\/v2\/product"}],"about":[{"href":"https:\/\/ventesengros.fr\/de\/wp-json\/wp\/v2\/types\/product"}],"wp:featuredmedia":[{"embeddable":true,"href":"https:\/\/ventesengros.fr\/de\/wp-json\/wp\/v2\/media\/33566"}],"wp:attachment":[{"href":"https:\/\/ventesengros.fr\/de\/wp-json\/wp\/v2\/media?parent=29823"}],"wp:term":[{"taxonomy":"product_brand","embeddable":true,"href":"https:\/\/ventesengros.fr\/de\/wp-json\/wp\/v2\/product_brand?post=29823"},{"taxonomy":"product_cat","embeddable":true,"href":"https:\/\/ventesengros.fr\/de\/wp-json\/wp\/v2\/product_cat?post=29823"},{"taxonomy":"product_tag","embeddable":true,"href":"https:\/\/ventesengros.fr\/de\/wp-json\/wp\/v2\/product_tag?post=29823"}],"curies":[{"name":"wp","href":"https:\/\/api.w.org\/{rel}","templated":true}]}}