{"id":29729,"date":"2014-09-08T17:52:12","date_gmt":"2014-09-08T16:52:12","guid":{"rendered":"http:\/\/pietra-communication.com\/ventesengros.fr\/?post_type=product&#038;p=29729"},"modified":"2025-09-15T11:51:26","modified_gmt":"2025-09-15T10:51:26","slug":"huile-rose-1l-al-moumtaz","status":"publish","type":"product","link":"https:\/\/ventesengros.fr\/de\/grossiste\/rosenol-1-l-al-moumtaz\/","title":{"rendered":"Rosen\u00f6l 1 l"},"content":{"rendered":"<p style=\"color: #000000;\"><strong>Eigenschaften:<\/strong><\/p>\n<p style=\"color: #000000;\">-Pflegendes, hautberuhigendes \u00d6l<\/p>\n<p style=\"color: #000000;\">-St\u00e4rkendes Haar\u00f6l<\/p>\n<p style=\"color: #000000;\">-Sch\u00fctzt vor \u00e4u\u00dferen Einfl\u00fcssen, beugt dem Austrocknen der Haut vor<\/p>\n<p><b>Fassungsverm\u00f6gen:<\/b>1 l<\/div>\n<div class=\"tL8wMe xAWnQc\" dir=\"ltr\"><b>Herkunft:<\/b>Marokko<b><br \/>\n<\/b><b>Gewicht:<\/b>1,1 kg\/St\u00fcck<\/div>\n<\/div>\n<\/div>\n<p style=\"color: #000000;\">","protected":false},"excerpt":{"rendered":"<p>Wir bieten Ihnen diese\u00a0<strong>Rosen\u00f6l 1 l <\/strong>Verkaufspreis pro Liter: 19,90 \u20ac<\/p>\n<p>1 Los:\u00a0<span style=\"color: #0ad227;\">19,90 \u20ac \/ St\u00fcck<\/span><\/p>\n<p>&nbsp;<\/p>","protected":false},"featured_media":75800,"template":"","meta":[],"product_brand":[],"product_cat":[201,59,606],"product_tag":[451,258,974,646],"class_list":{"0":"post-29729","1":"product","2":"type-product","3":"status-publish","4":"has-post-thumbnail","6":"product_cat-huiles-soin-et-bien-etre","7":"product_cat-soin-et-bien-etre","8":"product_cat-vrac-par-litre","9":"product_tag-al-moumtaz-2","10":"product_tag-en-gros","11":"product_tag-grossiste","12":"product_tag-huile-rose-1l","13":"pa_lot-158","14":"pa_lot-160","15":"pa_lot-159","17":"first","18":"instock","19":"shipping-taxable","20":"purchasable","21":"product-type-simple"},"_links":{"self":[{"href":"https:\/\/ventesengros.fr\/de\/wp-json\/wp\/v2\/product\/29729","targetHints":{"allow":["GET"]}}],"collection":[{"href":"https:\/\/ventesengros.fr\/de\/wp-json\/wp\/v2\/product"}],"about":[{"href":"https:\/\/ventesengros.fr\/de\/wp-json\/wp\/v2\/types\/product"}],"wp:featuredmedia":[{"embeddable":true,"href":"https:\/\/ventesengros.fr\/de\/wp-json\/wp\/v2\/media\/75800"}],"wp:attachment":[{"href":"https:\/\/ventesengros.fr\/de\/wp-json\/wp\/v2\/media?parent=29729"}],"wp:term":[{"taxonomy":"product_brand","embeddable":true,"href":"https:\/\/ventesengros.fr\/de\/wp-json\/wp\/v2\/product_brand?post=29729"},{"taxonomy":"product_cat","embeddable":true,"href":"https:\/\/ventesengros.fr\/de\/wp-json\/wp\/v2\/product_cat?post=29729"},{"taxonomy":"product_tag","embeddable":true,"href":"https:\/\/ventesengros.fr\/de\/wp-json\/wp\/v2\/product_tag?post=29729"}],"curies":[{"name":"wp","href":"https:\/\/api.w.org\/{rel}","templated":true}]}}