{"id":29657,"date":"2014-08-22T00:05:52","date_gmt":"2014-08-21T23:05:52","guid":{"rendered":"http:\/\/pietra-communication.com\/ventesengros.fr\/?post_type=product&#038;p=29657"},"modified":"2025-04-16T09:45:30","modified_gmt":"2025-04-16T08:45:30","slug":"siwak-gout-menthe","status":"publish","type":"product","link":"https:\/\/ventesengros.fr\/de\/grossiste\/siwak-mit-minzgeschmack\/","title":{"rendered":"Siwak mit Minzgeschmack \u2013 20er-Packung Siwak"},"content":{"rendered":"<p>Siwak mit Minzgeschmack<\/p>\n<p>&nbsp;<\/p>\n<p><strong>Der Siwak<\/strong>, auch genannt <strong>Souak<\/strong>, <strong>Miswak<\/strong> oder auch <strong>Arak-Stab<\/strong>, ist ein Zweig eines kleinen Baumes namens <em>Salavadora persica. <\/em>Der Siwak wird vor allem von Menschen aus dem Nahen Osten verwendet und ist besonders bei Muslimen auf der ganzen Welt beliebt, da der Prophet Mohammed in seiner Sunna seine zahlreichen Vorz\u00fcge gepriesen hat.<\/p>\n<p>Er wird wie eine nat\u00fcrliche Zahnb\u00fcrste verwendet; man muss nur die Z\u00e4hne damit putzen, um den Zahnbelag zu entfernen, der sich beim Essen und Trinken bildet. Siwak st\u00e4rkt das Zahnfleisch, sch\u00fctzt vor Kalkablagerungen und enth\u00e4lt laut einigen Studien Substanzen, die die Verdauung verbessern. Langfristig ist Siwak au\u00dferdem ein hervorragendes Mittel, um die Z\u00e4hne auf einfache und kosteng\u00fcnstige Weise ohne chemische Produkte aufzuhellen.<\/p>\n<p>Ihr <strong>Gro\u00dfh\u00e4ndler<\/strong> online <strong>Orient Gro\u00dfh\u00e4ndler<\/strong> vom <strong>Marokko <\/strong>bietet Ihnen zum Verkauf an <strong>im Gro\u00dfen und Ganzen<\/strong> von <strong>Siwaks mit Minzgeschmack<\/strong> verkauft von <strong>20er-Pack<\/strong> zu 6,00 \u20ac, d. h. 0,30 \u20ac pro St\u00fcck, oder zu 0,26 \u20ac pro St\u00fcck ab einem Kauf von 3 oder mehr Losen.<\/p>\n<p>Der empfohlene Wiederverkaufspreis f\u00fcr dieses Produkt liegt je nach aktuellen Marktpreisen zwischen 1,00 \u20ac und 2,00 \u20ac.<\/p>\n<p>Die <strong>sewak Al Aqsa<\/strong> sind von sehr guter Qualit\u00e4t und dank ihres Minzgeschmacks hinterlassen sie nach jeder Anwendung einen angenehmen Geschmack im Mund. Der <strong>Siwek <\/strong>Es hat einen eher ungew\u00f6hnlichen nat\u00fcrlichen Geschmack, den manche Menschen nicht besonders m\u00f6gen. Der Minzgeschmack dieses Produkts gleicht jedoch den Geschmack aus, der f\u00fcr manche unangenehm sein kann.<\/p>\n<p>Der <strong>Siwak mit Minzgeschmack<\/strong> wird in einer vollst\u00e4ndig luftdichten Verpackung aufbewahrt, um seine Frische und seinen Geschmack zu bewahren. Auf unserer Website finden Sie verschiedene Gr\u00f6\u00dfen dieses Produkts.<\/p>\n<p>F\u00fcr weitere Informationen zu diesem Produkt oder anderen auf unserer Website angebotenen Produkten wenden Sie sich bitte an unseren Kundenservice.<\/p>","protected":false},"excerpt":{"rendered":"<p>Wir bieten Ihnen diese<strong>\u00a0Siwak mit Minzgeschmack<\/strong><strong>\u00a0<\/strong>Verkauft im 20er-Pack.<\/p>\n<p>Empfohlener Verkaufspreis: 1,50-2,00 Euro.<\/p>\n<p>1 Los: <span style=\"color: #0ad227;\">0,69 \u20ac \/ St\u00fcck x 20 = 13,80 \u20ac<\/span><\/p>\n<p>&nbsp;<\/p>","protected":false},"featured_media":36858,"template":"","meta":[],"product_brand":[],"product_cat":[297,59],"product_tag":[258,974,641],"class_list":{"0":"post-29657","1":"product","2":"type-product","3":"status-publish","4":"has-post-thumbnail","6":"product_cat-siwak-siwakdentifrice","7":"product_cat-soin-et-bien-etre","8":"product_tag-en-gros","9":"product_tag-grossiste","10":"product_tag-siwak-gout-menthe","11":"pa_lot-158","12":"pa_lot-160","13":"pa_lot-159","15":"first","16":"instock","17":"shipping-taxable","18":"purchasable","19":"product-type-simple"},"_links":{"self":[{"href":"https:\/\/ventesengros.fr\/de\/wp-json\/wp\/v2\/product\/29657","targetHints":{"allow":["GET"]}}],"collection":[{"href":"https:\/\/ventesengros.fr\/de\/wp-json\/wp\/v2\/product"}],"about":[{"href":"https:\/\/ventesengros.fr\/de\/wp-json\/wp\/v2\/types\/product"}],"wp:featuredmedia":[{"embeddable":true,"href":"https:\/\/ventesengros.fr\/de\/wp-json\/wp\/v2\/media\/36858"}],"wp:attachment":[{"href":"https:\/\/ventesengros.fr\/de\/wp-json\/wp\/v2\/media?parent=29657"}],"wp:term":[{"taxonomy":"product_brand","embeddable":true,"href":"https:\/\/ventesengros.fr\/de\/wp-json\/wp\/v2\/product_brand?post=29657"},{"taxonomy":"product_cat","embeddable":true,"href":"https:\/\/ventesengros.fr\/de\/wp-json\/wp\/v2\/product_cat?post=29657"},{"taxonomy":"product_tag","embeddable":true,"href":"https:\/\/ventesengros.fr\/de\/wp-json\/wp\/v2\/product_tag?post=29657"}],"curies":[{"name":"wp","href":"https:\/\/api.w.org\/{rel}","templated":true}]}}