{"id":29478,"date":"2016-03-19T08:57:50","date_gmt":"2016-03-19T07:57:50","guid":{"rendered":"http:\/\/pietra-communication.com\/ventesengros.fr\/?post_type=product&#038;p=29478"},"modified":"2022-07-27T09:35:47","modified_gmt":"2022-07-27T08:35:47","slug":"creme-descargot-hemani","status":"publish","type":"product","link":"https:\/\/ventesengros.fr\/de\/grossiste\/creme-descargot-hemani\/","title":{"rendered":"HEMANI Schneckencreme X 12"},"content":{"rendered":"<p>Derzeit gibt es eine Vielzahl von <b>Kosmetika <\/b>Entdecken Sie die Schneckencreme HEMANI f\u00fcr die Pflege Ihres K\u00f6rpers und Ihres Gesichts, f\u00fcr alle Hauttypen, in allen Formen, D\u00fcften, Aussehen und nat\u00fcrlichen oder weniger nat\u00fcrlichen Urspr\u00fcngen.<\/p>\n<h2><strong>Die Bedeutung der K\u00f6rperpflege:<\/strong><\/h2>\n<p>In der muslimischen Religion wird empfohlen, auf seinen K\u00f6rper und seine allgemeine Hygiene zu achten, da dies Teil eines guten Verhaltens ist, wie es der Prophet (Sala Allahu \u2018Aleyhi wa Salam) vorgelebt hat.<\/p>\n<p>Heutzutage gibt es eine Vielzahl von Cremes in verschiedenen Formen (<b>Sprays, Seren, Cremes<\/b>\u2026), und f\u00fcr verschiedene Anwendungen je nach Ihren Bed\u00fcrfnissen und Ihrem Hauttyp.<\/p>\n<p>Die <b>Creme auf Basis von Schneckenschleim HEMANI <\/b>von 80 Gramm ist ein <b>nat\u00fcrliche Pflege<\/b> sehr gesch\u00e4tzt wegen seiner besonders begehrten Eigenschaften, denn es handelt sich um einen wahren Schatz der Natur; tats\u00e4chlich ist bekannt, dass die Schnecke die au\u00dfergew\u00f6hnliche F\u00e4higkeit besitzt, ihre Schale in nur wenigen Tagen vollst\u00e4ndig wieder aufzubauen. Dies ist m\u00f6glich dank <b>Allantoin<\/b> in seinem Speichel enthalten ist, und dieser hat hervorragende Eigenschaften f\u00fcr unsere Haut.<\/p>\n<h3><strong>Die Schneckencreme von HEMANI, zwischen Anwendung und Nutzen:<\/strong><\/h3>\n<p>Dieser \u00abSchneckenschleim\u00bb wird bereits seit Jahren in der Medizin verwendet und hat mehrere positive Wirkungen auf unsere Haut:<\/p>\n<ul>\n<li>Es zieht schnell tief in unsere Haut ein, um die <b>Regeneration unserer Zellen, <\/b>also ein<b> nat\u00fcrliches Anti-Aging-Mittel.<\/b><\/li>\n<li>Die <b>Schneckenschleim<\/b> macht die Haut weich und pflegt sie tiefenwirksam, und die in diesem Produkt enthaltenen Vitamine <b>Schleim<\/b> haben <b>Tugenden<\/b> <b>Entz\u00fcndungshemmer.\u00a0<\/b><\/li>\n<li>Der <b>Kollagen<\/b> und <b>Elastin<\/b> haben einen Effekt \u00ab\u00a0<b>Facelifting<\/b>\u00a0\u00bb f\u00fcr die Haut und bek\u00e4mpfen <b>Akne<\/b>.<\/li>\n<li>Schlie\u00dflich ist Schneckenschleim daf\u00fcr bekannt, dass er die <b>Wundheilung<\/b>, Bek\u00e4mpfung der <b>Depigmentierung<\/b> der Haut, die <b>Aufgaben<\/b> sowie die <b>Verbrennungen<\/b>.<\/li>\n<\/ul>\n<p>Wir empfehlen Ihnen, die <strong>HEMANI Schneckencreme<\/strong>\u00a0Auf das zuvor gereinigte und trockene Gesicht oder auf die K\u00f6rperstellen auftragen, die Sie gezielt behandeln m\u00f6chten, wie Dehnungsstreifen oder andere Narben. F\u00fcr eine optimale Wirkung k\u00f6nnen Sie es morgens und abends auftragen.<\/p>","protected":false},"excerpt":{"rendered":"<p>Wir bieten Ihnen diese<strong>\u00a0c<strong>HEMANI Schneckencreme<\/strong>\u00a0<\/strong>Verkauft im 12er-Pack.<\/p>\n<p>Empfohlener Verkaufspreis:  10,90-11,90 Euro.<\/p>\n<p>1 Set     : <span style=\"color: #0ad227;\">3,79 \u20ac \/ St\u00fcck x 12 = 45,48 \u20ac<\/span><\/p>","protected":false},"featured_media":30309,"template":"","meta":[],"product_brand":[],"product_cat":[286,59],"product_tag":[621,258,974,305],"class_list":{"0":"post-29478","1":"product","2":"type-product","3":"status-publish","4":"has-post-thumbnail","6":"product_cat-creme-cremeshampoing","7":"product_cat-soin-et-bien-etre","8":"product_tag-creme-descargot","9":"product_tag-en-gros","10":"product_tag-grossiste","11":"product_tag-hemani","12":"pa_lot-158","13":"pa_lot-160","14":"pa_lot-159","16":"first","17":"instock","18":"shipping-taxable","19":"purchasable","20":"product-type-simple"},"_links":{"self":[{"href":"https:\/\/ventesengros.fr\/de\/wp-json\/wp\/v2\/product\/29478","targetHints":{"allow":["GET"]}}],"collection":[{"href":"https:\/\/ventesengros.fr\/de\/wp-json\/wp\/v2\/product"}],"about":[{"href":"https:\/\/ventesengros.fr\/de\/wp-json\/wp\/v2\/types\/product"}],"wp:featuredmedia":[{"embeddable":true,"href":"https:\/\/ventesengros.fr\/de\/wp-json\/wp\/v2\/media\/30309"}],"wp:attachment":[{"href":"https:\/\/ventesengros.fr\/de\/wp-json\/wp\/v2\/media?parent=29478"}],"wp:term":[{"taxonomy":"product_brand","embeddable":true,"href":"https:\/\/ventesengros.fr\/de\/wp-json\/wp\/v2\/product_brand?post=29478"},{"taxonomy":"product_cat","embeddable":true,"href":"https:\/\/ventesengros.fr\/de\/wp-json\/wp\/v2\/product_cat?post=29478"},{"taxonomy":"product_tag","embeddable":true,"href":"https:\/\/ventesengros.fr\/de\/wp-json\/wp\/v2\/product_tag?post=29478"}],"curies":[{"name":"wp","href":"https:\/\/api.w.org\/{rel}","templated":true}]}}