{"id":29240,"date":"2014-06-25T18:50:49","date_gmt":"2014-06-25T17:50:49","guid":{"rendered":"http:\/\/pietra-communication.com\/ventesengros.fr\/?post_type=product&#038;p=29240"},"modified":"2025-10-18T16:33:42","modified_gmt":"2025-10-18T15:33:42","slug":"huile-basilic-60ml-plantil","status":"publish","type":"product","link":"https:\/\/ventesengros.fr\/de\/grossiste\/basilikumol-60-ml-plantil\/","title":{"rendered":"Basilikum\u00f6l 60 ml x 12"},"content":{"rendered":"<p><strong>Eigentum:<\/strong><\/p>\n<p>-Antiseptisch, entspannend, beruhigend und wohltuend.<\/p>\n<p>-Massage\u00f6l zur Entspannung m\u00fcder und verspannter Muskeln nach k\u00f6rperlicher Anstrengung<\/p>\n<p>-St\u00e4rkt das Haar und bremst den Haarausfall<\/p>\n<p>-Lindert Brustkorbbeschwerden und Stauungen<\/p>\n<p>- Lindert Insektenstiche und wirkt abweisend \u00a0 \u00a0 \u00a0 \u00a0 \u00a0 \u00a0 \u00a0 \u00a0 \u00a0 \u00a0 \u00a0 \u00a0 \u00a0 \u00a0 \u00a0 \u00a0 \u00a0 \u00a0 \u00a0 \u00a0 \u00a0 \u00a0 \u00a0 \u00a0 \u00a0 \u00a0 \u00a0 \u00a0 \u00a0 \u00a0 \u00a0 \u00a0 \u00a0 \u00a0 \u00a0 \u00a0 \u00a0 \u00a0 \u00a0 \u00a0 \u00a0 \u00a0 \u00a0 \u00a0 \u00a0 \u00a0 \u00a0 \u00a0 \u00a0 \u00a0 \u00a0 \u00a0 \u00a0 \u00a0 \u00a0 \u00a0 \u00a0 \u00a0 \u00a0 \u00a0 \u00a0 \u00a0 \u00a0 \u00a0 \u00a0 \u00a0 \u00a0 \u00a0 \u00a0 \u00a0 \u00a0 \u00a0 \u00a0 \u00a0 \u00a0 \u00a0 \u00a0<strong>Verwendung:<\/strong>\u00a0Nur f\u00fcr kosmetische Zwecke<br \/>\n<b>Fassungsverm\u00f6gen:<\/b>60 ml<\/div>\n<p><b>Marke:<\/b>\u00a0\u00a0Plantil<br \/>\n<b><b>Herkunft:<\/b><\/b>Marokko<b><b><br \/>\n<\/b><\/b><b>Gewicht:<\/b>142 g\/St\u00fcck<\/div>","protected":false},"excerpt":{"rendered":"<p>Wir bieten Ihnen diese\u00a0<strong>Basilikum\u00f6l 60 ml PLANTIL<\/strong><strong>\u00a0<\/strong>Verkauft im 12er-Pack.<\/p>\n<p>Empfohlener Verkaufspreis: 7,90 Euro.<\/p>\n<p>1 Los:\u00a0<span style=\"color: #0ad227;\">2,59 \u20ac \/ St\u00fcck x 12 = 31,08 \u20ac<\/span><\/p>","protected":false},"featured_media":76379,"template":"","meta":[],"product_brand":[],"product_cat":[201,327,59],"product_tag":[303,258,974,585,977],"class_list":{"0":"post-29240","1":"product","2":"type-product","3":"status-publish","4":"has-post-thumbnail","6":"product_cat-huiles-soin-et-bien-etre","7":"product_cat-huile-plantil-60ml","8":"product_cat-soin-et-bien-etre","9":"product_tag-60ml","10":"product_tag-en-gros","11":"product_tag-grossiste","12":"product_tag-huile-de-basilic","13":"product_tag-plantil","14":"pa_lot-158","15":"pa_lot-160","16":"pa_lot-159","18":"first","19":"instock","20":"shipping-taxable","21":"purchasable","22":"product-type-simple"},"_links":{"self":[{"href":"https:\/\/ventesengros.fr\/de\/wp-json\/wp\/v2\/product\/29240","targetHints":{"allow":["GET"]}}],"collection":[{"href":"https:\/\/ventesengros.fr\/de\/wp-json\/wp\/v2\/product"}],"about":[{"href":"https:\/\/ventesengros.fr\/de\/wp-json\/wp\/v2\/types\/product"}],"wp:featuredmedia":[{"embeddable":true,"href":"https:\/\/ventesengros.fr\/de\/wp-json\/wp\/v2\/media\/76379"}],"wp:attachment":[{"href":"https:\/\/ventesengros.fr\/de\/wp-json\/wp\/v2\/media?parent=29240"}],"wp:term":[{"taxonomy":"product_brand","embeddable":true,"href":"https:\/\/ventesengros.fr\/de\/wp-json\/wp\/v2\/product_brand?post=29240"},{"taxonomy":"product_cat","embeddable":true,"href":"https:\/\/ventesengros.fr\/de\/wp-json\/wp\/v2\/product_cat?post=29240"},{"taxonomy":"product_tag","embeddable":true,"href":"https:\/\/ventesengros.fr\/de\/wp-json\/wp\/v2\/product_tag?post=29240"}],"curies":[{"name":"wp","href":"https:\/\/api.w.org\/{rel}","templated":true}]}}