{"id":29062,"date":"2014-07-29T20:20:59","date_gmt":"2014-07-29T19:20:59","guid":{"rendered":"http:\/\/pietra-communication.com\/ventesengros.fr\/?post_type=product&#038;p=29062"},"modified":"2025-09-26T19:02:10","modified_gmt":"2025-09-26T18:02:10","slug":"huile-rose-60ml-plantil","status":"publish","type":"product","link":"https:\/\/ventesengros.fr\/de\/grossiste\/rosenol-60-ml-plantil\/","title":{"rendered":"Rosen\u00f6l 60 ml x 12"},"content":{"rendered":"<p><strong>Eigenschaften:<\/strong><\/p>\n<p>-Pflegendes und hautberuhigendes \u00d6l f\u00fcr die Haut und kr\u00e4ftigendes \u00d6l f\u00fcr das Haar<\/p>\n<p>- Beugt dem Austrocknen der Haut vor und sch\u00fctzt sie vor \u00e4u\u00dferen Einfl\u00fcssen.<\/p>\n<p><strong>Verwendung:<\/strong>\u00a0Nur f\u00fcr kosmetische Zwecke<br \/>\n<b>Fassungsverm\u00f6gen:<\/b>60 ml<\/div>\n<p><b>Marke:<\/b>Plantil<br \/>\n<b>Herkunft:<\/b>Marokko<b><br \/>\n<\/b><b>Gewicht:<\/b>142 g\/St\u00fcck<\/div>\n<\/div>\n<\/div>\n<p>&nbsp;<\/p>","protected":false},"excerpt":{"rendered":"<p>Wir bieten Ihnen diese\u00a0<strong>Rosen\u00f6l 60 ml PLANTIL<\/strong><strong>\u00a0<\/strong>Verkauft im 12er-Pack.<\/p>\n<p>Empfohlener Verkaufspreis: 5,50 Euro.<\/p>\n<p>1 Los:\u00a0<span style=\"color: #0ad227;\">1,69 \u20ac \/ St\u00fcck x 12 = 20,28 \u20ac<\/span><\/p>\n<p>&nbsp;<\/p>","protected":false},"featured_media":75982,"template":"","meta":[],"product_brand":[],"product_cat":[201,327,59],"product_tag":[303,258,974,564,501,977],"class_list":{"0":"post-29062","1":"product","2":"type-product","3":"status-publish","4":"has-post-thumbnail","6":"product_cat-huiles-soin-et-bien-etre","7":"product_cat-huile-plantil-60ml","8":"product_cat-soin-et-bien-etre","9":"product_tag-60ml","10":"product_tag-en-gros","11":"product_tag-grossiste","12":"product_tag-huile-de-rose","13":"product_tag-huile-plantil-2","14":"product_tag-plantil","15":"pa_lot-158","16":"pa_lot-160","17":"pa_lot-159","19":"first","20":"instock","21":"shipping-taxable","22":"purchasable","23":"product-type-simple"},"_links":{"self":[{"href":"https:\/\/ventesengros.fr\/de\/wp-json\/wp\/v2\/product\/29062","targetHints":{"allow":["GET"]}}],"collection":[{"href":"https:\/\/ventesengros.fr\/de\/wp-json\/wp\/v2\/product"}],"about":[{"href":"https:\/\/ventesengros.fr\/de\/wp-json\/wp\/v2\/types\/product"}],"wp:featuredmedia":[{"embeddable":true,"href":"https:\/\/ventesengros.fr\/de\/wp-json\/wp\/v2\/media\/75982"}],"wp:attachment":[{"href":"https:\/\/ventesengros.fr\/de\/wp-json\/wp\/v2\/media?parent=29062"}],"wp:term":[{"taxonomy":"product_brand","embeddable":true,"href":"https:\/\/ventesengros.fr\/de\/wp-json\/wp\/v2\/product_brand?post=29062"},{"taxonomy":"product_cat","embeddable":true,"href":"https:\/\/ventesengros.fr\/de\/wp-json\/wp\/v2\/product_cat?post=29062"},{"taxonomy":"product_tag","embeddable":true,"href":"https:\/\/ventesengros.fr\/de\/wp-json\/wp\/v2\/product_tag?post=29062"}],"curies":[{"name":"wp","href":"https:\/\/api.w.org\/{rel}","templated":true}]}}