{"id":28969,"date":"2012-05-29T20:16:10","date_gmt":"2012-05-29T19:16:10","guid":{"rendered":"http:\/\/pietra-communication.com\/ventesengros.fr\/?post_type=product&#038;p=28969"},"modified":"2025-01-20T07:05:00","modified_gmt":"2025-01-20T06:05:00","slug":"pollen-de-palmier-en-gros","status":"publish","type":"product","link":"https:\/\/ventesengros.fr\/de\/grossiste\/palmenpollen-im-groshandel\/","title":{"rendered":"Palmenpollen (pro Kilogramm oder in 20-g-Beuteln) \u2013 Nabaty"},"content":{"rendered":"<p>Als traditionelles Heilmittel in arabischen L\u00e4ndern wird Dattelpalmenpollen seit Jahrhunderten zur St\u00e4rkung des Immunsystems und <a href=\"https:\/\/goutte-damour.com\/categorie-produit\/accueil\/gouttes-d-amour\/libido\/\" rel=\"noopener\"><strong>die Libido steigern<\/strong><\/a>. Wir m\u00f6chten Ihnen mehr \u00fcber dieses au\u00dfergew\u00f6hnliche Naturprodukt erz\u00e4hlen, dessen Wirkung bei vielen Menschen bemerkenswert ist.<\/p>\n<h2><b>Pollen der Dattelpalme: ein Schutzwall gegen Unfruchtbarkeit<\/b><\/h2>\n<p>Der Pollen dieses f\u00fcr den Irak symboltr\u00e4chtigen Baumes tr\u00e4gt nicht nur dazu bei, die Anzahl der Palmenhaine zu erh\u00f6hen und die Ausbreitung der W\u00fcste zu bek\u00e4mpfen, sondern spielt auch eine wichtige Rolle bei der Steigerung der Fruchtbarkeit von Paaren. Nat\u00fcrlich, <a href=\"https:\/\/www.ma-fertilite.com\" target=\"_blank\" rel=\"noopener noreferrer\"><strong>schwanger werden<\/strong><\/a> h\u00e4ngt von vielen Faktoren ab. Dieser fruchtbare Pollen ist jedoch eine Ursache, die den Eisprung f\u00f6rdert. Beim Mann tr\u00e4gt er zur Verbesserung der Leistungsf\u00e4higkeit der Spermien bei, indem er deren Lebensf\u00e4higkeit und Beweglichkeit erh\u00f6ht. Dieser Umstand beschleunigt die Befruchtung, indem er die Begegnung mit der Eizelle erleichtert.<\/p>\n<h3><b>Eine M\u00f6glichkeit, den Menstruationszyklus der Frau zu regulieren<\/b><\/h3>\n<p>Bei Frauen kann die Menstruation zu Stimmungsschwankungen oder starken Schmerzen f\u00fchren. Der Pollen der Dattelpalme ist daf\u00fcr bekannt, diese pl\u00f6tzlichen Ver\u00e4nderungen zu mildern. Dar\u00fcber hinaus kann sein Verzehr<span class=\"Apple-converted-space\">\u00a0<\/span>Erleichtert am Ende dieser Phase die Reinigung der Geb\u00e4rmutter. Er erm\u00f6glicht einen schnellen und vollst\u00e4ndigen Abfluss des Vaginalbluts.<\/p>\n<h3><b>Wie wird diese Wohltat der Natur konsumiert?<\/b><\/h3>\n<p>Auch wenn es seltsam erscheint, Palmbl\u00fctenpollen zu konsumieren, kann dieses fl\u00fcchtige Material nicht allein eingenommen werden. Es sollte daher mit einer anderen Zutat gemischt werden, die f\u00fcr ihre positive Wirkung auf das Immunsystem bekannt ist: <a href=\"https:\/\/ventesengros.fr\/de\/product-category\/soin-et-bien-etre\/alimentation\/miel-alimentation\/\" target=\"_blank\" rel=\"noopener noreferrer\"><strong>Honig<\/strong><\/a>.<\/p>\n<p>Diese Mischung wird morgens empfohlen und manchmal mit einem L\u00f6ffel <a href=\"https:\/\/gel\u00e9e-royale.fr\" target=\"_blank\" rel=\"noopener noreferrer\"><strong>Gel\u00e9e Royale<\/strong><\/a>.<span class=\"Apple-converted-space\">\u00a0 <\/span>Auch wenn bislang keine Kontraindikationen f\u00fcr Palmbl\u00fctenpollen bekannt sind, sollten Personen, die gegen diese Substanz allergisch sind, darauf achten, sie nicht in ihren Speiseplan aufzunehmen.<\/p>\n<p>Foto unverbindlich<\/p>\n<p>Alle unsere Produkte sind als White-Label-Produkte erh\u00e4ltlich (<a href=\"https:\/\/ventesengros.fr\/de\/kontakt\/\"><strong>auf Anfrage<\/strong><\/a>)<\/p>\n<p>Staffelpreis ab 10 St\u00fcck: 10% Rabatt (<a href=\"https:\/\/ventesengros.fr\/de\/kontakt\/\"><strong>auf Kostenvoranschlag<\/strong><\/a>)<\/p>","protected":false},"excerpt":{"rendered":"<p>Wir bieten Ihnen Palmbl\u00fctenpollen an.\u00a0<span style=\"color: #0000ff;\"><strong>Verkauft pro Kilogramm oder in Beuteln zu 20 Gramm im 12er-Pack.<\/strong><\/span>. Mit oder ohne Etikett. <span style=\"color: #000000;\"><strong>Staffelpreis.<\/strong><\/span><\/p>\n<p><b>Preis pro Kilogramm:<\/b> <span style=\"color: #ff0000;\"><strong>70 \u20ac<\/strong><\/span><\/p>\n<p><b>Preis pro Beutel<span class=\"Apple-converted-space\">\u00a0<\/span>:<\/b> <strong><span style=\"color: #ff0000;\">1,80 \u20ac<\/span><\/strong><\/p>\n<p><span style=\"color: #ff0000;\"><b>Bei mehr als 3 Paketen w\u00e4hlen Sie bitte die gew\u00fcnschte Menge im Warenkorb aus.<\/b><\/span><\/p>\n<p>Profitieren Sie von einem Rabatt von 10% bei mehr als 10 Losen (<span style=\"color: #ff0000;\"><a style=\"color: #ff0000;\" href=\"https:\/\/ventesengros.fr\/de\/kontakt\/\"><strong>Kontaktieren Sie uns<\/strong><\/a><\/span>).<\/p>","protected":false},"featured_media":37869,"template":"","meta":[],"product_brand":[],"product_cat":[59,285,1515,838],"product_tag":[258,974,549],"class_list":{"0":"post-28969","1":"product","2":"type-product","3":"status-publish","4":"has-post-thumbnail","6":"product_cat-soin-et-bien-etre","7":"product_cat-autres","8":"product_cat-fertilite","9":"product_cat-pollen-de-palmier-alimentation","10":"product_tag-en-gros","11":"product_tag-grossiste","12":"product_tag-pollen-de-palmier","13":"pa_lot-1-lot-12-sachets-199-le-sachet","14":"pa_lot-1-lot-1kg-3999-le-kilo","15":"pa_lot-2-lots-24-sachets-189-le-sachet","16":"pa_lot-2-lots-2kg-5727-le-kilo","17":"pa_lot-3-lots-36-sachets-179-le-sachet","18":"pa_lot-3-lots-3kg-5432-le-kilo","20":"first","21":"instock","22":"featured","23":"shipping-taxable","24":"purchasable","25":"product-type-variable"},"_links":{"self":[{"href":"https:\/\/ventesengros.fr\/de\/wp-json\/wp\/v2\/product\/28969","targetHints":{"allow":["GET"]}}],"collection":[{"href":"https:\/\/ventesengros.fr\/de\/wp-json\/wp\/v2\/product"}],"about":[{"href":"https:\/\/ventesengros.fr\/de\/wp-json\/wp\/v2\/types\/product"}],"wp:featuredmedia":[{"embeddable":true,"href":"https:\/\/ventesengros.fr\/de\/wp-json\/wp\/v2\/media\/37869"}],"wp:attachment":[{"href":"https:\/\/ventesengros.fr\/de\/wp-json\/wp\/v2\/media?parent=28969"}],"wp:term":[{"taxonomy":"product_brand","embeddable":true,"href":"https:\/\/ventesengros.fr\/de\/wp-json\/wp\/v2\/product_brand?post=28969"},{"taxonomy":"product_cat","embeddable":true,"href":"https:\/\/ventesengros.fr\/de\/wp-json\/wp\/v2\/product_cat?post=28969"},{"taxonomy":"product_tag","embeddable":true,"href":"https:\/\/ventesengros.fr\/de\/wp-json\/wp\/v2\/product_tag?post=28969"}],"curies":[{"name":"wp","href":"https:\/\/api.w.org\/{rel}","templated":true}]}}