{"id":28914,"date":"2020-03-10T11:53:19","date_gmt":"2020-03-10T10:53:19","guid":{"rendered":"http:\/\/pietra-communication.com\/ventesengros.fr\/?post_type=product&#038;p=28914"},"modified":"2022-06-30T23:04:36","modified_gmt":"2022-06-30T22:04:36","slug":"costus-marin-1kg","status":"publish","type":"product","link":"https:\/\/ventesengros.fr\/de\/grossiste\/kostuswurzel-1-kg\/","title":{"rendered":"Costus Marin Pulver (pro Kilogramm oder in 20-g-Beuteln)"},"content":{"rendered":"<p>Meeres-Costuspulver und <a href=\"https:\/\/natureluxy-shop.com\/collections\/costus-indien\" target=\"_blank\" rel=\"noopener noreferrer\"><strong>indischer Kostus<\/strong><\/a> bedeutet fast dasselbe. Wenn sich die inneren Eigenschaften nicht \u00e4ndern, soll der Meeres-Costus angeblich wei\u00df aussehen. Der indische Costus soll hingegen die Farbe der Rinde (schwarz) haben und w\u00e4rmer sein als der Meeres-Costus.<\/p>\n<h2><b>Meeres-Costuspulver, das Heilmittel schlechthin<\/b><\/h2>\n<p>In Zeiten, in denen es noch keine Pharmaindustrie gab, war der Meeres-Costus das Heilmittel, das Arabern und Indern zur Behandlung zahlreicher Krankheiten und leichter Beschwerden zur Verf\u00fcgung stand. Das in der prophetischen und ayurvedischen Medizin sehr gesch\u00e4tzte indische Oud galt als Wundermittel gegen Kopfschmerzen und zahlreiche Infektionen, die in fr\u00fcheren Zeiten viele Menschenleben forderten.<\/p>\n<h3><b>Die Details der dank K\u00fcsten-Kostus geheilten Leiden<\/b><\/h3>\n<p>Unter den vom Organismus verursachten Beschwerden und Unannehmlichkeiten hilft Costus de la Mer bei Magenproblemen, Durchfall, Asthma oder Migr\u00e4ne.<\/p>\n<p><span class=\"Apple-converted-space\">\u00a0<\/span>Unter den Wundern und Krankheiten, die der Menschheit gro\u00dfen Schaden zugef\u00fcgt haben, spielte der indische Costus eine wichtige Rolle bei der Behandlung von Tuberkulose. Aber auch bei der Behandlung von sexuell \u00fcbertragbaren Krankheiten. Insbesondere Gonorrh\u00f6, von \u00c4rzten in Frankreich umgangssprachlich als \u00abhei\u00dfer Urin\u00bb bezeichnet, richtet weiterhin gro\u00dfen Schaden an.<span class=\"Apple-converted-space\">\u00a0<\/span><\/p>\n<h3><b>Die verschiedenen Anwendungsm\u00f6glichkeiten von Meeres-Costus-Pulver<\/b><\/h3>\n<p>Die indische Oud wird in verschiedenen Formen verwendet. Ihr Holz \u00e4hnelt einem <a href=\"https:\/\/ventesengros.fr\/de\/grossiste\/siwak-nature-fin-vrac\/\"><strong>Siwak<\/strong><\/a> nach Geschmack <a href=\"https:\/\/goutte-damour.com\/produit\/gelule-de-gingembre-aphrodisiaque\/\" target=\"_blank\" rel=\"noopener noreferrer\"><strong>Ingwer als Aphrodisiakum<\/strong><\/a> (der Vorl\u00e4ufer der Zahnb\u00fcrste im Nahen Osten) kann in seiner rohen Form verwendet werden.<\/p>\n<p><span class=\"Apple-converted-space\">\u00a0<\/span>Die zwischen den Z\u00e4hnen festsitzende Rinde lindert Zahnfleischentz\u00fcndungen und beugt dem Auftreten von Mundh\u00f6hlenzysten vor.<span class=\"Apple-converted-space\">\u00a0 <\/span>In seiner \u00f6ligen Form wird Costus marin zur Behandlung von Migr\u00e4ne auf die Stirn aufgetragen. Eine andere Anwendungsweise besteht darin, die Rinde des indischen Holzes zu verbrennen und den Rauch einzuatmen. Schlie\u00dflich wird Costus marin zu Pulver zermahlen, mit Wasser gemischt und in Form von Tr\u00f6pfchen sanft durch die Nasenl\u00f6cher eingeatmet.<\/p>\n<p>Foto unverbindlich<\/p>\n<p>Alle unsere Produkte sind als White-Label-Produkte erh\u00e4ltlich (<a href=\"https:\/\/ventesengros.fr\/de\/kontakt\/\"><strong>auf Anfrage<\/strong><\/a>)<\/p>\n<p>Staffelpreis ab 10 St\u00fcck: 10% Rabatt (<a href=\"https:\/\/ventesengros.fr\/de\/kontakt\/\"><strong>auf Kostenvoranschlag<\/strong><\/a>)<\/p>\n<p>&nbsp;<\/p>","protected":false},"excerpt":{"rendered":"<p>Wir bieten Ihnen Meeres-Costus in Pulverform an.\u00a0<span style=\"color: #0000ff;\"><strong>Verkauft pro Kilogramm oder in 20-g-Beuteln im 12er-Pack<\/strong><\/span>. Mit oder ohne Etikett.<\/p>\n<p><b>Preis pro Kilogramm:<\/b>\u00a0<span style=\"color: #ff0000;\"><strong>28,99\u20ac<\/strong><\/span><\/p>\n<p><b>Preis pro Beutel<span class=\"Apple-converted-space\">\u00a0<\/span>:<\/b>\u00a0<strong><span style=\"color: #ff0000;\">0,99\u20ac<\/span><\/strong><\/p>\n<p><span style=\"color: #ff0000;\"><b>Bei mehr als 3 Paketen w\u00e4hlen Sie bitte die gew\u00fcnschte Menge im Warenkorb aus.<\/b><\/span><\/p>\n<p>Staffelpreis ab 10 St\u00fcck: 10% Rabatt (<span style=\"color: #ff0000;\"><a style=\"color: #ff0000;\" href=\"https:\/\/ventesengros.fr\/de\/kontakt\/\"><strong>Kontaktieren Sie uns<\/strong><\/a><\/span>).<\/p>","protected":false},"featured_media":37870,"template":"","meta":[],"product_brand":[],"product_cat":[60,239,360,59],"product_tag":[537,538,974],"class_list":{"0":"post-28914","1":"product","2":"type-product","3":"status-publish","4":"has-post-thumbnail","6":"product_cat-bazar","7":"product_cat-costus-indien","8":"product_cat-produit-naturel-en-vrac","9":"product_cat-soin-et-bien-etre","10":"product_tag-costus-marin-1kg","11":"product_tag-engros","12":"product_tag-grossiste","13":"pa_lot-1-lot-12-sachets-129e-le-sachet","14":"pa_lot-1-lot-1kg-2999e-le-kilo","15":"pa_lot-2-lots-24-sachets-119e-le-sachet","16":"pa_lot-2-lots-2kg-2949e-le-kilo","17":"pa_lot-3-lots-36-sachets-099e-le-sachet","18":"pa_lot-3-lots-3kg-2899e-le-kilo","20":"first","21":"instock","22":"shipping-taxable","23":"purchasable","24":"product-type-variable"},"_links":{"self":[{"href":"https:\/\/ventesengros.fr\/de\/wp-json\/wp\/v2\/product\/28914","targetHints":{"allow":["GET"]}}],"collection":[{"href":"https:\/\/ventesengros.fr\/de\/wp-json\/wp\/v2\/product"}],"about":[{"href":"https:\/\/ventesengros.fr\/de\/wp-json\/wp\/v2\/types\/product"}],"wp:featuredmedia":[{"embeddable":true,"href":"https:\/\/ventesengros.fr\/de\/wp-json\/wp\/v2\/media\/37870"}],"wp:attachment":[{"href":"https:\/\/ventesengros.fr\/de\/wp-json\/wp\/v2\/media?parent=28914"}],"wp:term":[{"taxonomy":"product_brand","embeddable":true,"href":"https:\/\/ventesengros.fr\/de\/wp-json\/wp\/v2\/product_brand?post=28914"},{"taxonomy":"product_cat","embeddable":true,"href":"https:\/\/ventesengros.fr\/de\/wp-json\/wp\/v2\/product_cat?post=28914"},{"taxonomy":"product_tag","embeddable":true,"href":"https:\/\/ventesengros.fr\/de\/wp-json\/wp\/v2\/product_tag?post=28914"}],"curies":[{"name":"wp","href":"https:\/\/api.w.org\/{rel}","templated":true}]}}