{"id":2279,"date":"2014-04-12T06:57:04","date_gmt":"2014-04-12T05:57:04","guid":{"rendered":"http:\/\/pietra-communication.com\/ventesengros.fr\/?post_type=product&#038;p=2279"},"modified":"2022-06-30T23:34:24","modified_gmt":"2022-06-30T22:34:24","slug":"huile-dargan-cosmetique-non-torrifie-40ml","status":"publish","type":"product","link":"https:\/\/ventesengros.fr\/de\/grossiste\/dargan-ol-nicht-gerostet-40-ml\/","title":{"rendered":"Kosmetisches natives Argan\u00f6l X12"},"content":{"rendered":"<p><strong>Eigentum:<\/strong><\/p>\n<p>-Nat\u00fcrliches natives \u00d6l 100% bek\u00e4mpft wirksam vorzeitige Hautalterung.<\/p>\n<p>-Pflegt, macht geschmeidig und verj\u00fcngt trockene, faltige, devitalisierte und dehydrierte Haut.<\/p>\n<p>- Revitalisiert trockenes, strapaziertes und stumpfes Haar und reinigt die Kopfhaut.<\/p>\n<p>-St\u00e4rkt und pflegt br\u00fcchige und spr\u00f6de N\u00e4gel.<\/p>\n<p>UNGER\u00d6STETES ARGAN\u00d6L<\/p>\n<p><b>Fassungsverm\u00f6gen:<\/b>\u00a040 ml<\/p>\n<p><b>Marke:<\/b> je nach Lagerbestand<\/p>\n<p><b>Herkunft:<\/b>\u00a0Marokko<\/p>\n<p><b>Gewicht:<\/b>105 g<\/p>\n<p>&nbsp;<\/p>","protected":false},"excerpt":{"rendered":"<p>Wir bieten Ihnen diese\u00a0<strong>Kosmetisches natives Argan\u00f6l 40 ml<\/strong><strong>\u00a0<\/strong>Verkauft im 12er-Pack.<\/p>\n<p>Empfohlener Verkaufspreis:  8 Euro.<\/p>\n<p>1 Los:\u00a0<span style=\"color: #0ad227;\">2,69 \u20ac \/ St\u00fcck x 12 = 32,28 \u20ac<\/span><\/p>\n<p>&nbsp;<\/p>\n<p style=\"text-align: center;\">","protected":false},"featured_media":2509,"template":"","meta":[],"product_brand":[],"product_cat":[290,201,59],"product_tag":[185,113,133,972,184],"class_list":{"0":"post-2279","1":"product","2":"type-product","3":"status-publish","4":"has-post-thumbnail","6":"product_cat-autre","7":"product_cat-huiles-soin-et-bien-etre","8":"product_cat-soin-et-bien-etre","9":"product_tag-40ml","10":"product_tag-cosmetique","11":"product_tag-dargan","12":"product_tag-huile","13":"product_tag-non-torrifie","14":"pa_lot-158","15":"pa_lot-160","16":"pa_lot-159","18":"first","19":"instock","20":"shipping-taxable","21":"purchasable","22":"product-type-simple"},"_links":{"self":[{"href":"https:\/\/ventesengros.fr\/de\/wp-json\/wp\/v2\/product\/2279","targetHints":{"allow":["GET"]}}],"collection":[{"href":"https:\/\/ventesengros.fr\/de\/wp-json\/wp\/v2\/product"}],"about":[{"href":"https:\/\/ventesengros.fr\/de\/wp-json\/wp\/v2\/types\/product"}],"wp:featuredmedia":[{"embeddable":true,"href":"https:\/\/ventesengros.fr\/de\/wp-json\/wp\/v2\/media\/2509"}],"wp:attachment":[{"href":"https:\/\/ventesengros.fr\/de\/wp-json\/wp\/v2\/media?parent=2279"}],"wp:term":[{"taxonomy":"product_brand","embeddable":true,"href":"https:\/\/ventesengros.fr\/de\/wp-json\/wp\/v2\/product_brand?post=2279"},{"taxonomy":"product_cat","embeddable":true,"href":"https:\/\/ventesengros.fr\/de\/wp-json\/wp\/v2\/product_cat?post=2279"},{"taxonomy":"product_tag","embeddable":true,"href":"https:\/\/ventesengros.fr\/de\/wp-json\/wp\/v2\/product_tag?post=2279"}],"curies":[{"name":"wp","href":"https:\/\/api.w.org\/{rel}","templated":true}]}}