{"id":2236,"date":"2014-06-10T19:07:21","date_gmt":"2014-06-10T18:07:21","guid":{"rendered":"http:\/\/pietra-communication.com\/ventesengros.fr\/?post_type=product&#038;p=2236"},"modified":"2023-01-22T19:06:52","modified_gmt":"2023-01-22T18:06:52","slug":"huile-de-serpent-haya","status":"publish","type":"product","link":"https:\/\/ventesengros.fr\/de\/grossiste\/schlangenol-haya\/","title":{"rendered":"Schlangen\u00f6l 125 ml AL-HAYA X 12"},"content":{"rendered":"<p><strong>Eigentum:<\/strong><\/p>\n<p>El Hayah (Schlangen\u00f6l) ist eine ausgewogene Mischung aus pflanzlichen \u00d6len, die besonders wohltuend auf das Haar wirkt: Sie sch\u00fctzt, st\u00e4rkt, spendet Feuchtigkeit, beugt Haarausfall vor und wirkt gegen Schuppen.<\/p>\n<p>El-Hayah besteht aus folgenden \u00d6len:<\/p>\n<p>-Rizinus\u00f6l<\/p>\n<p>-S\u00fc\u00dfmandel\u00f6l<\/p>\n<p>-Avocado\u00f6l<\/p>\n<p>-Argan\u00f6l<\/p>\n<p>-Sesam\u00f6l<\/p>\n<p>-Kokos\u00f6l<\/p>\n<p>-Soja\u00f6l<\/p>\n<p>-Rucola\u00f6l<\/p>\n<p>Verwendung:<\/p>\n<p>Tragen Sie ausreichend El Hayah Haar\u00f6l auf die gesamte Haarl\u00e4nge und die Kopfhaut auf. Massieren Sie es sorgf\u00e4ltig ein, um das gesamte Haar zu bedecken, und trocknen Sie es bei Bedarf mit einem Handtuch. Verwenden Sie die Kur am Vorabend jeder Haarw\u00e4sche oder t\u00e4glich so oft Sie m\u00f6chten.<\/p>\n<h5><b>Fassungsverm\u00f6gen:<\/b>125 ml<br \/>\n<b><\/b><\/h5>\n<p><b>Marke:<\/b>\u00a0 Die Buche<\/p>\n<p><b>Herkunft:<\/b>Marokko<\/p>","protected":false},"excerpt":{"rendered":"<p>Wir bieten Ihnen diese <strong>Schlangen\u00f6l 125 ml<\/strong>\u00a0Verkauft im 12er-Pack.<\/p>\n<p>Empfohlener Verkaufspreis 14,90 Euro.<\/p>\n<p>1 Set: <span style=\"color: #0ad227;\">3,80 \u20ac \/ St\u00fcck x 12 = 45,60 \u20ac<\/span><\/p>","protected":false},"featured_media":2427,"template":"","meta":[],"product_brand":[],"product_cat":[1458,290,201,59],"product_tag":[173,972,172],"class_list":{"0":"post-2236","1":"product","2":"type-product","3":"status-publish","4":"has-post-thumbnail","6":"product_cat-huile-de-serpent","7":"product_cat-autre","8":"product_cat-huiles-soin-et-bien-etre","9":"product_cat-soin-et-bien-etre","10":"product_tag-haya","11":"product_tag-huile","12":"product_tag-serpent","13":"pa_lot-158","14":"pa_lot-160","15":"pa_lot-159","17":"first","18":"instock","19":"shipping-taxable","20":"purchasable","21":"product-type-simple"},"_links":{"self":[{"href":"https:\/\/ventesengros.fr\/de\/wp-json\/wp\/v2\/product\/2236","targetHints":{"allow":["GET"]}}],"collection":[{"href":"https:\/\/ventesengros.fr\/de\/wp-json\/wp\/v2\/product"}],"about":[{"href":"https:\/\/ventesengros.fr\/de\/wp-json\/wp\/v2\/types\/product"}],"wp:featuredmedia":[{"embeddable":true,"href":"https:\/\/ventesengros.fr\/de\/wp-json\/wp\/v2\/media\/2427"}],"wp:attachment":[{"href":"https:\/\/ventesengros.fr\/de\/wp-json\/wp\/v2\/media?parent=2236"}],"wp:term":[{"taxonomy":"product_brand","embeddable":true,"href":"https:\/\/ventesengros.fr\/de\/wp-json\/wp\/v2\/product_brand?post=2236"},{"taxonomy":"product_cat","embeddable":true,"href":"https:\/\/ventesengros.fr\/de\/wp-json\/wp\/v2\/product_cat?post=2236"},{"taxonomy":"product_tag","embeddable":true,"href":"https:\/\/ventesengros.fr\/de\/wp-json\/wp\/v2\/product_tag?post=2236"}],"curies":[{"name":"wp","href":"https:\/\/api.w.org\/{rel}","templated":true}]}}