{"id":2086,"date":"2014-04-08T08:09:10","date_gmt":"2014-04-08T07:09:10","guid":{"rendered":"http:\/\/pietra-communication.com\/ventesengros.fr\/?post_type=product&#038;p=2086"},"modified":"2023-09-08T09:36:06","modified_gmt":"2023-09-08T08:36:06","slug":"shampoing-a-laloe-vera-bio-naturel","status":"publish","type":"product","link":"https:\/\/ventesengros.fr\/de\/grossiste\/shampoo-mit-naturlichem-bio-aloe-vera\/","title":{"rendered":"Aloe Vera Shampoo 250 ml x 12"},"content":{"rendered":"<p><strong>Eigentum:<\/strong><\/p>\n<p>Shampoo mit Aloe Vera zur St\u00e4rkung der Haare und Reinigung der Kopfhaut. Es hilft gegen Schuppen und Haarausfall. Es eignet sich f\u00fcr trockenes, fettiges, br\u00fcchiges oder strapaziertes Haar. Es versch\u00f6nert das Haar und verleiht ihm Glanz. F\u00fcr den h\u00e4ufigen Gebrauch.<\/p>\n<p><strong>Fassungsverm\u00f6gen:<\/strong>\u00a0250 ml<\/p>\n<p><strong>Marke:<\/strong>\u00a0AL Hurra<\/p>\n<p><strong>Herkunft:<\/strong>MAROKKO<\/p>\n<p><strong>Gewicht:<\/strong>30 g<\/p>","protected":false},"excerpt":{"rendered":"<p>Wir bieten Ihnen Folgendes an\u00a0<strong>Aloe Vera Shampoo 250 ml<\/strong><strong>\u00a0<\/strong>Verkauft im 12er-Pack.<\/p>\n<p>Empfohlener Verkaufspreis: 5,00-5,90 Euro.<\/p>\n<p>1 Los:\u00a0<span style=\"color: #0ad227;\">1,76 \u20ac \/ St\u00fcck x 12 = 21,120 \u20ac<\/span><\/p>\n<p>&nbsp;<\/p>\n<p>&nbsp;<\/p>\n<p style=\"text-align: center;\">","protected":false},"featured_media":28868,"template":"","meta":[],"product_brand":[],"product_cat":[59],"product_tag":[136,973,975,134],"class_list":{"0":"post-2086","1":"product","2":"type-product","3":"status-publish","4":"has-post-thumbnail","6":"product_cat-soin-et-bien-etre","7":"product_tag-aloe-vera","8":"product_tag-bio","9":"product_tag-naturel","10":"product_tag-shampoing","11":"pa_lot-158","12":"pa_lot-160","13":"pa_lot-159","15":"first","16":"instock","17":"shipping-taxable","18":"purchasable","19":"product-type-simple"},"_links":{"self":[{"href":"https:\/\/ventesengros.fr\/de\/wp-json\/wp\/v2\/product\/2086","targetHints":{"allow":["GET"]}}],"collection":[{"href":"https:\/\/ventesengros.fr\/de\/wp-json\/wp\/v2\/product"}],"about":[{"href":"https:\/\/ventesengros.fr\/de\/wp-json\/wp\/v2\/types\/product"}],"wp:featuredmedia":[{"embeddable":true,"href":"https:\/\/ventesengros.fr\/de\/wp-json\/wp\/v2\/media\/28868"}],"wp:attachment":[{"href":"https:\/\/ventesengros.fr\/de\/wp-json\/wp\/v2\/media?parent=2086"}],"wp:term":[{"taxonomy":"product_brand","embeddable":true,"href":"https:\/\/ventesengros.fr\/de\/wp-json\/wp\/v2\/product_brand?post=2086"},{"taxonomy":"product_cat","embeddable":true,"href":"https:\/\/ventesengros.fr\/de\/wp-json\/wp\/v2\/product_cat?post=2086"},{"taxonomy":"product_tag","embeddable":true,"href":"https:\/\/ventesengros.fr\/de\/wp-json\/wp\/v2\/product_tag?post=2086"}],"curies":[{"name":"wp","href":"https:\/\/api.w.org\/{rel}","templated":true}]}}