{"id":2082,"date":"2014-04-08T07:52:06","date_gmt":"2014-04-08T06:52:06","guid":{"rendered":"http:\/\/pietra-communication.com\/ventesengros.fr\/?post_type=product&#038;p=2082"},"modified":"2023-03-25T15:06:01","modified_gmt":"2023-03-25T14:06:01","slug":"shampoing-camomille-bio","status":"publish","type":"product","link":"https:\/\/ventesengros.fr\/de\/grossiste\/bio-kamillenshampoo\/","title":{"rendered":"Kamille-Shampoo 250 ml x 12"},"content":{"rendered":"<p><strong>Eigentum:<\/strong><\/p>\n<p>Shampoo auf Basis von nat\u00fcrlichem Kamillenbl\u00fctenextrakt, das Ihrem Haar Seidigkeit und Glanz verleiht und ihm einen strahlenden Glanz und nat\u00fcrliche Farbt\u00f6ne schenkt.<\/p>\n<p><strong>Fassungsverm\u00f6gen:<\/strong>\u00a0250 ml<\/p>\n<p><strong>Herkunft:<\/strong>MAROKKO<\/p>\n<p><strong>Gewicht:<\/strong>300 g<\/p>\n<p>&nbsp;<\/p>","protected":false},"excerpt":{"rendered":"<p>Wir bieten Ihnen Folgendes an <strong>Kamillenshampoo 250 ml<\/strong><strong>\u00a0<\/strong>Verkauft im 12er-Pack.<\/p>\n<p>Empfohlener Verkaufspreis: 5,90 Euro.<\/p>\n<p>1 Los:\u00a0<span style=\"color: #0ad227;\">1,99 \u20ac \/ St\u00fcck  x 12 = 23,88 \u20ac<\/span><\/p>","protected":false},"featured_media":30298,"template":"","meta":[],"product_brand":[],"product_cat":[59],"product_tag":[973,135,134],"class_list":{"0":"post-2082","1":"product","2":"type-product","3":"status-publish","4":"has-post-thumbnail","6":"product_cat-soin-et-bien-etre","7":"product_tag-bio","8":"product_tag-camomille","9":"product_tag-shampoing","10":"pa_lot-158","11":"pa_lot-160","12":"pa_lot-159","14":"first","15":"instock","16":"shipping-taxable","17":"purchasable","18":"product-type-simple"},"_links":{"self":[{"href":"https:\/\/ventesengros.fr\/de\/wp-json\/wp\/v2\/product\/2082","targetHints":{"allow":["GET"]}}],"collection":[{"href":"https:\/\/ventesengros.fr\/de\/wp-json\/wp\/v2\/product"}],"about":[{"href":"https:\/\/ventesengros.fr\/de\/wp-json\/wp\/v2\/types\/product"}],"wp:featuredmedia":[{"embeddable":true,"href":"https:\/\/ventesengros.fr\/de\/wp-json\/wp\/v2\/media\/30298"}],"wp:attachment":[{"href":"https:\/\/ventesengros.fr\/de\/wp-json\/wp\/v2\/media?parent=2082"}],"wp:term":[{"taxonomy":"product_brand","embeddable":true,"href":"https:\/\/ventesengros.fr\/de\/wp-json\/wp\/v2\/product_brand?post=2082"},{"taxonomy":"product_cat","embeddable":true,"href":"https:\/\/ventesengros.fr\/de\/wp-json\/wp\/v2\/product_cat?post=2082"},{"taxonomy":"product_tag","embeddable":true,"href":"https:\/\/ventesengros.fr\/de\/wp-json\/wp\/v2\/product_tag?post=2082"}],"curies":[{"name":"wp","href":"https:\/\/api.w.org\/{rel}","templated":true}]}}