{"id":1773,"date":"2014-03-19T12:56:00","date_gmt":"2014-03-19T11:56:00","guid":{"rendered":"http:\/\/pietra-communication.com\/ventesengros.fr\/?post_type=product&#038;p=1773"},"modified":"2023-06-15T10:09:22","modified_gmt":"2023-06-15T09:09:22","slug":"confiture-habbasawda-gingembre","status":"publish","type":"product","link":"https:\/\/ventesengros.fr\/de\/grossiste\/habbasawda-ingwer-konfiture\/","title":{"rendered":"Habba Sawda Ingwer-Konfit\u00fcre 210 g (12er-Pack)"},"content":{"rendered":"<p><strong>Eigentum:<\/strong><\/p>\n<p><strong>Schwarzk\u00fcmmel\u00f6l<\/strong> oder Schwarzk\u00fcmmel wird seit Jahrtausenden zur Linderung unterschiedlichster Beschwerden in allen Regionen (Naher Osten, Asien, Indien usw.) verwendet.<\/p>\n<p>Das \u00e4therische \u00d6l von<strong>\u00a0Bio-Ingwer<\/strong>\u00a0wird zur Behandlung von Magenbeschwerden, Durchfall und \u00dcbelkeit verwendet, wirkt stimulierend und als sexuelles St\u00e4rkungsmittel, als Aperitif, ist aber auch f\u00fcr seine kulinarischen Verwendungsm\u00f6glichkeiten bekannt...<\/p>\n<p>Vorteile von Habba Sawda und Ingwer:<\/p>\n<p>1) Gegen Mikroben<\/p>\n<p>2) Antibiotikum gegen Erkrankungen der Atemwege<\/p>\n<p>3) Zucker im Blut<\/p>\n<p>4) Allgemein aufregend<\/p>\n<p>5) Entl\u00fcftet Gase<\/p>\n<p><strong>\u00a0<\/strong><\/p>\n<p><strong>Marke:<\/strong>\u00a0Al Moumtaz<\/p>\n<p><strong>Herkunft:\u00a0<\/strong>Marokko<\/p>\n<p><strong>Gewicht:<\/strong>210 g<\/p>\n<p><strong><span style=\"color: #ff0000;\">Dieses Produkt wird mit einem wei\u00dfen Deckel geliefert.<\/span><\/strong><\/p>","protected":false},"excerpt":{"rendered":"<p>Wir bieten Ihnen <strong>Konfit\u00fcre mit Nigella und Ingwer<\/strong><strong>\u00a0<\/strong>Verkauft im 12er-Pack.<\/p>\n<p>Empfohlener Verkaufspreis: 10,00 Euro.<\/p>\n<p>1 Los:\u00a0<span style=\"color: #0ad227;\">2,99 \u20ac \/ St\u00fcck x 12 = 35,88 \u20ac<\/span><\/p>","protected":false},"featured_media":1921,"template":"","meta":[],"product_brand":[],"product_cat":[206,284,59],"product_tag":[684,91,76,92,88],"class_list":{"0":"post-1773","1":"product","2":"type-product","3":"status-publish","4":"has-post-thumbnail","6":"product_cat-alimentation","7":"product_cat-confitures","8":"product_cat-soin-et-bien-etre","9":"product_tag-210g","10":"product_tag-confiture","11":"product_tag-gingembre","12":"product_tag-habbasawda","13":"product_tag-nigelle","14":"pa_lot-158","15":"pa_lot-160","16":"pa_lot-159","18":"first","19":"instock","20":"shipping-taxable","21":"purchasable","22":"product-type-simple"},"_links":{"self":[{"href":"https:\/\/ventesengros.fr\/de\/wp-json\/wp\/v2\/product\/1773","targetHints":{"allow":["GET"]}}],"collection":[{"href":"https:\/\/ventesengros.fr\/de\/wp-json\/wp\/v2\/product"}],"about":[{"href":"https:\/\/ventesengros.fr\/de\/wp-json\/wp\/v2\/types\/product"}],"wp:featuredmedia":[{"embeddable":true,"href":"https:\/\/ventesengros.fr\/de\/wp-json\/wp\/v2\/media\/1921"}],"wp:attachment":[{"href":"https:\/\/ventesengros.fr\/de\/wp-json\/wp\/v2\/media?parent=1773"}],"wp:term":[{"taxonomy":"product_brand","embeddable":true,"href":"https:\/\/ventesengros.fr\/de\/wp-json\/wp\/v2\/product_brand?post=1773"},{"taxonomy":"product_cat","embeddable":true,"href":"https:\/\/ventesengros.fr\/de\/wp-json\/wp\/v2\/product_cat?post=1773"},{"taxonomy":"product_tag","embeddable":true,"href":"https:\/\/ventesengros.fr\/de\/wp-json\/wp\/v2\/product_tag?post=1773"}],"curies":[{"name":"wp","href":"https:\/\/api.w.org\/{rel}","templated":true}]}}